{"id":6471,"date":"2026-01-30T17:01:29","date_gmt":"2026-01-30T14:01:29","guid":{"rendered":"https:\/\/alkyon-hvac.gr\/?page_id=6471"},"modified":"2026-02-02T11:43:46","modified_gmt":"2026-02-02T08:43:46","slug":"air-conditioning","status":"publish","type":"page","link":"https:\/\/alkyon-hvac.gr\/sq\/air-conditioning\/","title":{"rendered":"Kondicioner"},"content":{"rendered":"\t<section class=\"section\" id=\"section_1026987955\">\n\t\t<div class=\"bg section-bg fill bg-fill bg-loaded \" >\n\n\t\t\t\n\t\t\t\n\t\t\t\n\n\t\t<\/div>\n\n\t\t\n\n\t\t<div class=\"section-content relative\">\n\t\t\t\n\t<div id=\"gap-1571852377\" class=\"gap-element clearfix fancoil-gap\" style=\"display:block; height:auto;\">\n\t\t\n<style>\n#gap-1571852377 {\n  padding-top: 140px;\n}\n@media (min-width:550px) {\n  #gap-1571852377 {\n    padding-top: 200px;\n  }\n}\n<\/style>\n\t<\/div>\n\t\n<div class=\"row row-collapse align-center\"  id=\"row-1988783570\">\n\n\t<div id=\"col-891893244\" class=\"col hide-for-small medium-1 small-12 large-1\"  >\n\t\t\t\t<div class=\"col-inner\"  >\n\t\t\t\n\t\t\t\n\t\t<\/div>\n\t\t\t\t\t<\/div>\n\n\t\n\n\t<div id=\"col-1272835886\" class=\"col medium-10 small-11 large-10\"  >\n\t\t\t\t<div class=\"col-inner text-center\"  >\n\t\t\t\n\t\t\t\n\t<div id=\"text-2920530365\" class=\"text\">\n\t\t\n<h3 class=\"cera-pro-bold\" style=\"color: #1f285a;\">Kondicioner ajri<\/h3>\n\t\t\n<style>\n#text-2920530365 {\n  font-size: 2rem;\n  text-align: center;\n}\n@media (min-width:550px) {\n  #text-2920530365 {\n    text-align: left;\n  }\n}\n<\/style>\n\t<\/div>\n\t\n<div class=\"row hide-for-small\"  id=\"row-1041113136\">\n\n\t<div id=\"col-119256649\" class=\"col medium-6 small-12 large-6\"  >\n\t\t\t\t<div class=\"col-inner\"  >\n\t\t\t\n\t\t\t\n\t<div id=\"text-2634288662\" class=\"text\">\n\t\t\n<h3 style=\"font-size: 130%;\">Kondicioner ajri apo pomp\u00eb nxeht\u00ebsie?<\/h3>\n<p>Parimi i funksionimit t\u00eb dy kategorive \u00ebsht\u00eb i nj\u00ebjt\u00eb. Dallimi kryesor \u00ebsht\u00eb m\u00ebnyra me t\u00eb cil\u00ebn nxeht\u00ebsia arrin n\u00eb brend\u00ebsi. Termi &#8220;Pomp\u00eb Nxeht\u00ebsie&#8221; ka mbizot\u00ebruar p\u00ebr nj\u00ebsit\u00eb aj\u00ebr-uj\u00eb, nd\u00ebrsa &#8220;Kondicioner\u00ebt&#8221; quhen nj\u00ebsi aj\u00ebr-aj\u00ebr.<\/p>\n<h3 style=\"font-size: 130%;\">Llojet e Kondicioner\u00ebve<\/h3>\n<ul>\n<li>Mini-split. Nj\u00ebsit\u00eb m\u00eb t\u00eb njohura me nj\u00eb nj\u00ebsi t\u00eb brendshme. Efikase dhe t\u00eb lehta p\u00ebr t&#8217;u instaluar.<\/li>\n<li>Multi-split. Me deri n\u00eb 4 nj\u00ebsi t\u00eb brendshme, p\u00ebr p\u00ebrdorim gjysm\u00eb-profesional.<\/li>\n<li>VRF. P\u00ebr nj\u00eb num\u00ebr t\u00eb madh nj\u00ebsish t\u00eb brendshme, p\u00ebr p\u00ebrdorim profesional.<\/li>\n<\/ul>\n\t\t\n<style>\n#text-2634288662 {\n  font-size: 1rem;\n  line-height: 1.25;\n  text-align: left;\n  color: rgb(88, 89, 91);\n}\n#text-2634288662 > * {\n  color: rgb(88, 89, 91);\n}\n<\/style>\n\t<\/div>\n\t\n\t\t<\/div>\n\t\t\t\t\t<\/div>\n\n\t\n\n\t<div id=\"col-700313791\" class=\"col medium-6 small-12 large-6\"  >\n\t\t\t\t<div class=\"col-inner\"  >\n\t\t\t\n\t\t\t\n\t<div id=\"text-2322698220\" class=\"text\">\n\t\t\n<h3 style=\"font-size: 130%;\"><strong>P\u00ebrzgjedhja e Kondicionerit<\/strong><\/h3>\n<p>Zgjedhja e kondicionerit ideal p\u00ebr hap\u00ebsir\u00ebn tuaj varet nga karakteristikat q\u00eb ju interesojn\u00eb m\u00eb shum\u00eb:<\/p>\n<ul>\n<li>Kapaciteti i ftohjes dhe ngrohjes (nominal dhe maksimal)<\/li>\n<li>Efikasiteti i ftohjes (SEER) dhe efikasiteti i ngrohjes (SCOP)<\/li>\n<li>Niveli i zhurm\u00ebs<\/li>\n<li>Karakteristika inteligjente dhe lidhje WiFi<\/li>\n<li>Menaxhimi i cil\u00ebsis\u00eb s\u00eb ajrit<\/li>\n<li>Dimensionet dhe estetika<\/li>\n<\/ul>\n\t\t\n<style>\n#text-2322698220 {\n  font-size: 1rem;\n  line-height: 1.25;\n  text-align: left;\n  color: rgb(88, 89, 91);\n}\n#text-2322698220 > * {\n  color: rgb(88, 89, 91);\n}\n<\/style>\n\t<\/div>\n\t\n\t\t<\/div>\n\t\t\t\t\t<\/div>\n\n\t\n<\/div>\n\t<div id=\"gap-588281202\" class=\"gap-element clearfix\" style=\"display:block; height:auto;\">\n\t\t\n<style>\n#gap-588281202 {\n  padding-top: 20px;\n}\n@media (min-width:550px) {\n  #gap-588281202 {\n    padding-top: 30px;\n  }\n}\n<\/style>\n\t<\/div>\n\t\n<div class=\"row row-collapse\"  id=\"row-339184620\">\n\n\t<div id=\"col-1427833522\" class=\"col show-for-small medium-4 small-1 large-4\"  >\n\t\t\t\t<div class=\"col-inner\"  >\n\t\t\t\n\t\t\t\n\t\t<\/div>\n\t\t\t\t\t<\/div>\n\n\t\n\n\t<div id=\"col-895732290\" class=\"col show-for-small medium-11 small-11 large-11\"  >\n\t\t\t\t<div class=\"col-inner text-left\"  >\n\t\t\t\n\t\t\t\n<div class=\"accordion\">\n\t<div id=\"accordion-1651500377\" class=\"accordion-item accordion-in-category\">\n\t\t<a id=\"accordion-1651500377-label\" class=\"accordion-title plain\" href=\"#accordion-item-kondicioner_ajri_apo_pomp\u00eb_nxeht\u00ebsie?\" aria-expanded=\"false\" aria-controls=\"accordion-1651500377-content\" >\n\t\t\t<button class=\"toggle\" aria-label=\"Toggle\"><i class=\"icon-angle-down\"><\/i><\/button>\n\t\t\t<span>Kondicioner ajri apo pomp\u00eb nxeht\u00ebsie?<\/span>\n\t\t<\/a>\n\t\t<div id=\"accordion-1651500377-content\" class=\"accordion-inner\" aria-labelledby=\"accordion-1651500377-label\" >\n\t\t\t\n\t<div id=\"text-3000137018\" class=\"text\">\n\t\t\n<p>Parimi i funksionimit t\u00eb dy kategorive \u00ebsht\u00eb i nj\u00ebjt\u00eb. Dallimi kryesor \u00ebsht\u00eb m\u00ebnyra me t\u00eb cil\u00ebn nxeht\u00ebsia arrin n\u00eb brend\u00ebsi. Termi &#8220;Pomp\u00eb Nxeht\u00ebsie&#8221; ka mbizot\u00ebruar p\u00ebr nj\u00ebsit\u00eb aj\u00ebr-uj\u00eb, nd\u00ebrsa &#8220;Kondicioner\u00ebt&#8221; quhen nj\u00ebsi aj\u00ebr-aj\u00ebr.<br \/>\n\t\t\n<style>\n#text-3000137018 {\n  font-size: 0.95rem;\n  line-height: 1.25;\n  text-align: left;\n  color: rgb(88, 89, 91);\n}\n#text-3000137018 > * {\n  color: rgb(88, 89, 91);\n}\n<\/style>\n\t<\/div>\n\t\n\t\t<\/div>\n\t<\/div>\n\t\n\t<div id=\"accordion-936540885\" class=\"accordion-item accordion-in-category\">\n\t\t<a id=\"accordion-936540885-label\" class=\"accordion-title plain\" href=\"#accordion-item-llojet_e_kondicioner\u00ebve\" aria-expanded=\"false\" aria-controls=\"accordion-936540885-content\" >\n\t\t\t<button class=\"toggle\" aria-label=\"Toggle\"><i class=\"icon-angle-down\"><\/i><\/button>\n\t\t\t<span>Llojet e Kondicioner\u00ebve<\/span>\n\t\t<\/a>\n\t\t<div id=\"accordion-936540885-content\" class=\"accordion-inner\" aria-labelledby=\"accordion-936540885-label\" >\n\t\t\t\n\t<div id=\"text-2940633275\" class=\"text\">\n\t\t\n<ul>\n<li>Mini-split. Nj\u00ebsit\u00eb m\u00eb t\u00eb njohura me nj\u00eb nj\u00ebsi t\u00eb brendshme. Efikase dhe t\u00eb lehta p\u00ebr t&#8217;u instaluar.<\/li>\n<li>Multi-split. Me deri n\u00eb 4 nj\u00ebsi t\u00eb brendshme, p\u00ebr p\u00ebrdorim gjysm\u00eb-profesional.<\/li>\n<li>VRF. P\u00ebr nj\u00eb num\u00ebr t\u00eb madh nj\u00ebsish t\u00eb brendshme, p\u00ebr p\u00ebrdorim profesional.<\/li>\n<\/ul>\n\t\t\n<style>\n#text-2940633275 {\n  font-size: 0.95rem;\n  line-height: 1.25;\n  text-align: left;\n  color: rgb(88, 89, 91);\n}\n#text-2940633275 > * {\n  color: rgb(88, 89, 91);\n}\n<\/style>\n\t<\/div>\n\t\n\t\t<\/div>\n\t<\/div>\n\t\n\t<div id=\"accordion-1099890177\" class=\"accordion-item accordion-in-category\">\n\t\t<a id=\"accordion-1099890177-label\" class=\"accordion-title plain\" href=\"#accordion-item-p\u00ebrzgjedhja_e_kondicionerit\" aria-expanded=\"false\" aria-controls=\"accordion-1099890177-content\" >\n\t\t\t<button class=\"toggle\" aria-label=\"Toggle\"><i class=\"icon-angle-down\"><\/i><\/button>\n\t\t\t<span>P\u00ebrzgjedhja e Kondicionerit<\/span>\n\t\t<\/a>\n\t\t<div id=\"accordion-1099890177-content\" class=\"accordion-inner\" aria-labelledby=\"accordion-1099890177-label\" >\n\t\t\t\n\t<div id=\"text-1701003122\" class=\"text\">\n\t\t\n<p>Zgjedhja e kondicionerit ideal p\u00ebr hap\u00ebsir\u00ebn tuaj varet nga karakteristikat q\u00eb ju interesojn\u00eb m\u00eb shum\u00eb:<\/p>\n<ul>\n<li>Kapaciteti i ftohjes dhe ngrohjes (nominal dhe maksimal)<\/li>\n<li>Efikasiteti i ftohjes (SEER) dhe efikasiteti i ngrohjes (SCOP)<\/li>\n<li>Niveli i zhurm\u00ebs<\/li>\n<li>Karakteristika inteligjente dhe lidhje WiFi<\/li>\n<li>Menaxhimi i cil\u00ebsis\u00eb s\u00eb ajrit<\/li>\n<li>Dimensionet dhe estetika<\/li>\n<\/ul>\n\t\t\n<style>\n#text-1701003122 {\n  font-size: 0.95rem;\n  line-height: 1.25;\n  text-align: left;\n  color: rgb(88, 89, 91);\n}\n#text-1701003122 > * {\n  color: rgb(88, 89, 91);\n}\n<\/style>\n\t<\/div>\n\t\n\t\t<\/div>\n\t<\/div>\n\t\n<\/div>\n\t\t<\/div>\n\t\t\t\t\t<\/div>\n\n\t\n\n\t<div id=\"col-2081566483\" class=\"col show-for-small medium-4 small-1 large-4\"  >\n\t\t\t\t<div class=\"col-inner\"  >\n\t\t\t\n\t\t\t\n\t\t<\/div>\n\t\t\t\t\t<\/div>\n\n\t\n\n\t<div id=\"col-383157997\" class=\"col medium-11 small-11 large-11\"  >\n\t\t\t\t<div class=\"col-inner text-left\"  >\n\t\t\t\n\t\t\t\n<div class=\"accordion\">\n\t<div id=\"accordion-1969627361\" class=\"accordion-item accordion-in-category\">\n\t\t<a id=\"accordion-1969627361-label\" class=\"accordion-title plain\" href=\"#accordion-item-karakteristikat_e_r\u00ebnd\u00ebsishme\" aria-expanded=\"false\" aria-controls=\"accordion-1969627361-content\" >\n\t\t\t<button class=\"toggle\" aria-label=\"Toggle\"><i class=\"icon-angle-down\"><\/i><\/button>\n\t\t\t<span>Karakteristikat e r\u00ebnd\u00ebsishme<\/span>\n\t\t<\/a>\n\t\t<div id=\"accordion-1969627361-content\" class=\"accordion-inner\" aria-labelledby=\"accordion-1969627361-label\" >\n\t\t\t\n\t<div id=\"text-136103281\" class=\"text\">\n\t\t\n<h4><strong>Efikasiteti i ftohjes (EER) dhe efikasiteti i ngrohjes (COP)<\/strong><\/h4>\n<p>Raporti i efikasitetit shpreh raportin e energjis\u00eb s\u00eb transferuar me energjin\u00eb elektrike t\u00eb konsumuar. P\u00ebr shembull, n\u00ebse shkalla e efikasitetit COP \u00ebsht\u00eb e barabart\u00eb me 3, at\u00ebher\u00eb duke shpenzuar 1 kW energji elektrike, dhoma nxehet me nj\u00eb fuqi prej 3 kW. Shkalla e efikasitetit nuk \u00ebsht\u00eb konstante, por varet nga temperatura e ambientit dhe e ujit.<\/p>\n<p>Vler\u00ebsimi i efikasitetit sezonal, SCOP dhe SEER, \u00ebsht\u00eb nj\u00eb vler\u00eb mesatare e vler\u00ebsimit t\u00eb efikasitetit p\u00ebr nj\u00eb sezon t\u00eb t\u00ebr\u00eb.<br \/>\nSEER p\u00ebrcaktohet n\u00eb t\u00eb nj\u00ebjt\u00ebn m\u00ebnyr\u00eb p\u00ebr t\u00eb gjith\u00eb Evrop\u00ebn, nd\u00ebrsa SCOP zakonisht p\u00ebrcaktohet p\u00ebr klima mesatare dhe t\u00eb ngrohta, si\u00e7 \u00ebsht\u00eb klima e Greqis\u00eb. P\u00ebr k\u00ebt\u00eb arsye, zakonisht ka 2 vlera SCOP p\u00ebr t\u00eb nj\u00ebjtin model.<\/p>\n<h4><strong>Forc\u00eb <\/strong><\/h4>\n<p>Fuqia e kondicioner\u00ebve zakonisht matet n\u00eb BTU\/or\u00eb me modelet tipike n\u00eb 9,000, 12,000, 18,000 dhe 24,000 BTU\/or\u00eb. N\u00eb realitet, megjithat\u00eb, jo t\u00eb gjith\u00eb kondicioner\u00ebt kan\u00eb t\u00eb nj\u00ebjt\u00ebn fuqi maksimale. Mund t\u00eb gjeni fuqin\u00eb maksimale p\u00ebr ngrohje dhe ftohje q\u00eb zakonisht matet n\u00eb vat.<\/p>\n<h4><strong>Funksione dhe ve\u00e7ori t\u00eb tjera t\u00eb r\u00ebnd\u00ebsishme<\/strong><\/h4>\n<p>Filtrat, si\u00e7 jan\u00eb filtrat e karbonit t\u00eb aktivizuar, ndihmojn\u00eb n\u00eb ruajtjen e nj\u00eb cil\u00ebsie m\u00eb t\u00eb lart\u00eb t\u00eb ajrit n\u00eb hap\u00ebsir\u00eb.<\/p>\n<p>Funksioni i vet\u00ebpastrimit ndihmon n\u00eb eliminimin e substancave dhe mikroorganizmave t\u00eb d\u00ebmsh\u00ebm nga shk\u00ebmbyesi i ajrit t\u00eb dhom\u00ebs.<\/p>\n<p>Lidhshm\u00ebria Wi-Fi lejon kontrollin dhe menaxhimin n\u00eb distanc\u00eb n\u00ebp\u00ebrmjet aplikacioneve Smart Home.<br \/>\n\t\t\n<style>\n#text-136103281 {\n  font-size: 0.95rem;\n  line-height: 1.25;\n  text-align: left;\n  color: rgb(88, 89, 91);\n}\n#text-136103281 > * {\n  color: rgb(88, 89, 91);\n}\n<\/style>\n\t<\/div>\n\t\n\t\t<\/div>\n\t<\/div>\n\t\n<\/div>\n\t\t<\/div>\n\t\t\t\t\t<\/div>\n\n\t\n<\/div>\n<div class=\"row row-collapse row-full-width align-center\"  id=\"row-569136120\">\n\n\t<div id=\"col-1214963250\" class=\"col small-11 large-12\"  >\n\t\t\t\t<div class=\"col-inner\"  >\n\t\t\t\n\t\t\t\n\t<div id=\"text-211602456\" class=\"text\">\n\t\t\n<p class=\"cera-pro-bold\" style=\"text-align: left;\"><span style=\"font-size: 120%; color: #1f285a;\">Zbuloni zgjidhjet e kondicionimit t\u00eb ajrit bravair p\u00ebr performanc\u00eb t\u00eb fuqishme me dimensione t\u00eb vogla dhe estetik\u00eb t\u00eb lart\u00eb.<\/span><\/p>\n\t\t\n<style>\n#text-211602456 {\n  font-size: 0.85rem;\n  line-height: 1.25;\n  text-align: left;\n  color: rgb(88, 89, 91);\n}\n#text-211602456 > * {\n  color: rgb(88, 89, 91);\n}\n@media (min-width:550px) {\n  #text-211602456 {\n    font-size: 1.1rem;\n  }\n}\n<\/style>\n\t<\/div>\n\t\n\t\t<\/div>\n\t\t\t\t\t<\/div>\n\n\t\n\n<style>\n#row-569136120 > .col > .col-inner {\n  padding: 20px 0px 0px 0px;\n}\n<\/style>\n<\/div>\n<div class=\"row align-equal align-center\"  id=\"row-881391352\">\n\n\t<div id=\"col-528740947\" class=\"col medium-4 small-12 large-4\"  >\n\t\t\t\t<div class=\"col-inner text-center\"  >\n\t\t\t\n\t\t\t\n\t<div class=\"img has-hover x md-x lg-x y md-y lg-y\" id=\"image_525729071\">\n\t\t\t\t\t\t\t\t<div class=\"img-inner dark\" >\n\t\t\t<img fetchpriority=\"high\" decoding=\"async\" width=\"1600\" height=\"1200\" src=\"https:\/\/alkyon-hvac.gr\/wp-content\/uploads\/2026\/01\/Bravair-Minimax-main.jpg\" class=\"attachment-original size-original\" alt=\"\" srcset=\"https:\/\/alkyon-hvac.gr\/wp-content\/uploads\/2026\/01\/Bravair-Minimax-main.jpg 1600w, https:\/\/alkyon-hvac.gr\/wp-content\/uploads\/2026\/01\/Bravair-Minimax-main-533x400.jpg 533w, https:\/\/alkyon-hvac.gr\/wp-content\/uploads\/2026\/01\/Bravair-Minimax-main-1067x800.jpg 1067w, https:\/\/alkyon-hvac.gr\/wp-content\/uploads\/2026\/01\/Bravair-Minimax-main-768x576.jpg 768w, https:\/\/alkyon-hvac.gr\/wp-content\/uploads\/2026\/01\/Bravair-Minimax-main-1536x1152.jpg 1536w\" sizes=\"(max-width: 1600px) 100vw, 1600px\" \/>\t\t\t\t\t\t\n\t\t\t\t\t<\/div>\n\t\t\t\t\t\t\t\t\n<style>\n#image_525729071 {\n  width: 80%;\n}\n@media (min-width:550px) {\n  #image_525729071 {\n    width: 100%;\n  }\n}\n<\/style>\n\t<\/div>\n\t\n\t<div id=\"text-3054377547\" class=\"text\">\n\t\t\n<h3 class=\"cera-pro-bold\" style=\"color: #1f285a;\">Bravair Minimax MXS<\/h3>\n\t\t\n<style>\n#text-3054377547 {\n  font-size: 1.4rem;\n  text-align: center;\n  color: rgb(31, 40, 90);\n}\n#text-3054377547 > * {\n  color: rgb(31, 40, 90);\n}\n@media (min-width:550px) {\n  #text-3054377547 {\n    font-size: 1rem;\n  }\n}\n@media (min-width:850px) {\n  #text-3054377547 {\n    font-size: 1.1rem;\n  }\n}\n<\/style>\n\t<\/div>\n\t\n\t<div id=\"text-1379679731\" class=\"text\">\n\t\t\n<h3>Shijoni fuqi t\u00eb lart\u00eb ngrohjeje dhe ftohjeje me dimensione kompakte fal\u00eb dizajnit inteligjent Bravair Minimax\u00ae.<\/h3>\n\t\t\n<style>\n#text-1379679731 {\n  font-size: 1rem;\n  line-height: 1.25;\n  text-align: center;\n  color: rgb(31, 40, 90);\n}\n#text-1379679731 > * {\n  color: rgb(31, 40, 90);\n}\n@media (min-width:550px) {\n  #text-1379679731 {\n    font-size: 0.8rem;\n  }\n}\n<\/style>\n\t<\/div>\n\t\n<a href=\"https:\/\/alkyon-hvac.gr\/sq\/air-conditioning\/bravair-minimax-air-conditioner\/\" target=\"_self\" class=\"button primary is-link is-small expand cera-pro-bold\"  >\n  <i class=\"icon-angle-right\" aria-hidden=\"true\" ><\/i>  <span>M\u00cbSO M\u00cb SHUM\u00cb<\/span>\n  <\/a>\n\n\t\t<\/div>\n\t\t\t\t\t<\/div>\n\n\t\n<\/div>\n\t\t<\/div>\n\t\t\t\t\t<\/div>\n\n\t\n\n\t<div id=\"col-227313131\" class=\"col hide-for-small medium-1 small-12 large-1\"  >\n\t\t\t\t<div class=\"col-inner\"  >\n\t\t\t\n\t\t\t\n\t\t<\/div>\n\t\t\t\t\t<\/div>\n\n\t\n<\/div>\n\t<div id=\"gap-1455116107\" class=\"gap-element clearfix\" style=\"display:block; height:auto;\">\n\t\t\n<style>\n#gap-1455116107 {\n  padding-top: 500px;\n}\n<\/style>\n\t<\/div>\n\t\n\t\t<\/div>\n\n\t\t\n<style>\n#section_1026987955 {\n  padding-top: 30px;\n  padding-bottom: 30px;\n  min-height: 850px;\n}\n#section_1026987955 .section-bg.bg-loaded {\n  background-image: url(https:\/\/alkyon-hvac.gr\/wp-content\/uploads\/2023\/10\/ALKYON-GRADIENTS_POOLS-copy.webp);\n}\n<\/style>\n\t<\/section>\n\t\n","protected":false},"excerpt":{"rendered":"<p>Kondicioner\u00eb Bravair Minimax. Zbuloni zgjidhjet e kondicionimit t\u00eb ajrit bravair p\u00ebr performanc\u00eb t\u00eb fuqishme me dimensione t\u00eb vogla dhe estetik\u00eb t\u00eb lart\u00eb.<\/p>\n","protected":false},"author":2,"featured_media":6491,"parent":0,"menu_order":0,"comment_status":"closed","ping_status":"closed","template":"page-transparent-header.php","meta":{"footnotes":""},"categories":[],"tags":[],"class_list":["post-6471","page","type-page","status-publish","has-post-thumbnail","hentry"],"yoast_head":"<!-- This site is optimized with the Yoast SEO plugin v23.8 - https:\/\/yoast.com\/wordpress\/plugins\/seo\/ -->\n<title>Kondicioner - Alkyon<\/title>\n<meta name=\"description\" content=\"Kondicioner\u00eb Bravair Minimax. Zbuloni zgjidhjet e kondicionimit t\u00eb ajrit bravair p\u00ebr performanc\u00eb t\u00eb fuqishme me dimensione t\u00eb vogla dhe estetik\u00eb t\u00eb lart\u00eb.\" \/>\n<meta name=\"robots\" content=\"index, follow, max-snippet:-1, max-image-preview:large, max-video-preview:-1\" \/>\n<link rel=\"canonical\" href=\"https:\/\/alkyon-hvac.gr\/sq\/air-conditioning\/\" \/>\n<meta property=\"og:locale\" content=\"sq_AL\" \/>\n<meta property=\"og:type\" content=\"article\" \/>\n<meta property=\"og:title\" content=\"Kondicioner - Alkyon\" \/>\n<meta property=\"og:description\" content=\"Kondicioner\u00eb Bravair Minimax. Zbuloni zgjidhjet e kondicionimit t\u00eb ajrit bravair p\u00ebr performanc\u00eb t\u00eb fuqishme me dimensione t\u00eb vogla dhe estetik\u00eb t\u00eb lart\u00eb.\" \/>\n<meta property=\"og:url\" content=\"https:\/\/alkyon-hvac.gr\/sq\/air-conditioning\/\" \/>\n<meta property=\"og:site_name\" content=\"Alkyon\" \/>\n<meta property=\"article:publisher\" content=\"https:\/\/www.facebook.com\/people\/Alkyon\/61551012127534\/\" \/>\n<meta property=\"article:modified_time\" content=\"2026-02-02T08:43:46+00:00\" \/>\n<meta property=\"og:image\" content=\"https:\/\/alkyon-hvac.gr\/wp-content\/uploads\/2026\/01\/Bravair-Minimax-main.jpg\" \/>\n\t<meta property=\"og:image:width\" content=\"1600\" \/>\n\t<meta property=\"og:image:height\" content=\"1200\" \/>\n\t<meta property=\"og:image:type\" content=\"image\/jpeg\" \/>\n<meta name=\"twitter:card\" content=\"summary_large_image\" \/>\n<meta name=\"twitter:label1\" content=\"Est. reading time\" \/>\n\t<meta name=\"twitter:data1\" content=\"5 minutes\" \/>\n<script type=\"application\/ld+json\" class=\"yoast-schema-graph\">{\"@context\":\"https:\/\/schema.org\",\"@graph\":[{\"@type\":\"WebPage\",\"@id\":\"https:\/\/alkyon-hvac.gr\/sq\/air-conditioning\/\",\"url\":\"https:\/\/alkyon-hvac.gr\/sq\/air-conditioning\/\",\"name\":\"Kondicioner - Alkyon\",\"isPartOf\":{\"@id\":\"https:\/\/alkyon-hvac.gr\/#website\"},\"primaryImageOfPage\":{\"@id\":\"https:\/\/alkyon-hvac.gr\/sq\/air-conditioning\/#primaryimage\"},\"image\":{\"@id\":\"https:\/\/alkyon-hvac.gr\/sq\/air-conditioning\/#primaryimage\"},\"thumbnailUrl\":\"https:\/\/alkyon-hvac.gr\/wp-content\/uploads\/2026\/01\/Bravair-Minimax-main.jpg\",\"datePublished\":\"2026-01-30T14:01:29+00:00\",\"dateModified\":\"2026-02-02T08:43:46+00:00\",\"description\":\"Kondicioner\u00eb Bravair Minimax. Zbuloni zgjidhjet e kondicionimit t\u00eb ajrit bravair p\u00ebr performanc\u00eb t\u00eb fuqishme me dimensione t\u00eb vogla dhe estetik\u00eb t\u00eb lart\u00eb.\",\"breadcrumb\":{\"@id\":\"https:\/\/alkyon-hvac.gr\/sq\/air-conditioning\/#breadcrumb\"},\"inLanguage\":\"sq-AL\",\"potentialAction\":[{\"@type\":\"ReadAction\",\"target\":[\"https:\/\/alkyon-hvac.gr\/sq\/air-conditioning\/\"]}]},{\"@type\":\"ImageObject\",\"inLanguage\":\"sq-AL\",\"@id\":\"https:\/\/alkyon-hvac.gr\/sq\/air-conditioning\/#primaryimage\",\"url\":\"https:\/\/alkyon-hvac.gr\/wp-content\/uploads\/2026\/01\/Bravair-Minimax-main.jpg\",\"contentUrl\":\"https:\/\/alkyon-hvac.gr\/wp-content\/uploads\/2026\/01\/Bravair-Minimax-main.jpg\",\"width\":1600,\"height\":1200},{\"@type\":\"BreadcrumbList\",\"@id\":\"https:\/\/alkyon-hvac.gr\/sq\/air-conditioning\/#breadcrumb\",\"itemListElement\":[{\"@type\":\"ListItem\",\"position\":1,\"name\":\"\u0391\u03c1\u03c7\u03b9\u03ba\u03ae\",\"item\":\"https:\/\/alkyon-hvac.gr\/sq\/\"},{\"@type\":\"ListItem\",\"position\":2,\"name\":\"Kondicioner\"}]},{\"@type\":\"WebSite\",\"@id\":\"https:\/\/alkyon-hvac.gr\/#website\",\"url\":\"https:\/\/alkyon-hvac.gr\/\",\"name\":\"Alkyon\",\"description\":\"Clima Comfort Zone\",\"publisher\":{\"@id\":\"https:\/\/alkyon-hvac.gr\/#organization\"},\"potentialAction\":[{\"@type\":\"SearchAction\",\"target\":{\"@type\":\"EntryPoint\",\"urlTemplate\":\"https:\/\/alkyon-hvac.gr\/?s={search_term_string}\"},\"query-input\":{\"@type\":\"PropertyValueSpecification\",\"valueRequired\":true,\"valueName\":\"search_term_string\"}}],\"inLanguage\":\"sq-AL\"},{\"@type\":\"Organization\",\"@id\":\"https:\/\/alkyon-hvac.gr\/#organization\",\"name\":\"Alkyon SA\",\"url\":\"https:\/\/alkyon-hvac.gr\/\",\"logo\":{\"@type\":\"ImageObject\",\"inLanguage\":\"sq-AL\",\"@id\":\"https:\/\/alkyon-hvac.gr\/#\/schema\/logo\/image\/\",\"url\":\"https:\/\/alkyon-hvac.gr\/wp-content\/uploads\/2023\/10\/favicon-blue-alkyon.png\",\"contentUrl\":\"https:\/\/alkyon-hvac.gr\/wp-content\/uploads\/2023\/10\/favicon-blue-alkyon.png\",\"width\":58,\"height\":58,\"caption\":\"Alkyon SA\"},\"image\":{\"@id\":\"https:\/\/alkyon-hvac.gr\/#\/schema\/logo\/image\/\"},\"sameAs\":[\"https:\/\/www.facebook.com\/people\/Alkyon\/61551012127534\/\",\"https:\/\/www.instagram.com\/alkyon_hvac\/\"]}]}<\/script>\n<!-- \/ Yoast SEO plugin. -->","yoast_head_json":{"title":"Kondicioner - Alkyon","description":"Kondicioner\u00eb Bravair Minimax. Zbuloni zgjidhjet e kondicionimit t\u00eb ajrit bravair p\u00ebr performanc\u00eb t\u00eb fuqishme me dimensione t\u00eb vogla dhe estetik\u00eb t\u00eb lart\u00eb.","robots":{"index":"index","follow":"follow","max-snippet":"max-snippet:-1","max-image-preview":"max-image-preview:large","max-video-preview":"max-video-preview:-1"},"canonical":"https:\/\/alkyon-hvac.gr\/sq\/air-conditioning\/","og_locale":"sq_AL","og_type":"article","og_title":"Kondicioner - Alkyon","og_description":"Kondicioner\u00eb Bravair Minimax. Zbuloni zgjidhjet e kondicionimit t\u00eb ajrit bravair p\u00ebr performanc\u00eb t\u00eb fuqishme me dimensione t\u00eb vogla dhe estetik\u00eb t\u00eb lart\u00eb.","og_url":"https:\/\/alkyon-hvac.gr\/sq\/air-conditioning\/","og_site_name":"Alkyon","article_publisher":"https:\/\/www.facebook.com\/people\/Alkyon\/61551012127534\/","article_modified_time":"2026-02-02T08:43:46+00:00","og_image":[{"width":1600,"height":1200,"url":"https:\/\/alkyon-hvac.gr\/wp-content\/uploads\/2026\/01\/Bravair-Minimax-main.jpg","type":"image\/jpeg"}],"twitter_card":"summary_large_image","twitter_misc":{"Est. reading time":"5 minutes"},"schema":{"@context":"https:\/\/schema.org","@graph":[{"@type":"WebPage","@id":"https:\/\/alkyon-hvac.gr\/sq\/air-conditioning\/","url":"https:\/\/alkyon-hvac.gr\/sq\/air-conditioning\/","name":"Kondicioner - Alkyon","isPartOf":{"@id":"https:\/\/alkyon-hvac.gr\/#website"},"primaryImageOfPage":{"@id":"https:\/\/alkyon-hvac.gr\/sq\/air-conditioning\/#primaryimage"},"image":{"@id":"https:\/\/alkyon-hvac.gr\/sq\/air-conditioning\/#primaryimage"},"thumbnailUrl":"https:\/\/alkyon-hvac.gr\/wp-content\/uploads\/2026\/01\/Bravair-Minimax-main.jpg","datePublished":"2026-01-30T14:01:29+00:00","dateModified":"2026-02-02T08:43:46+00:00","description":"Kondicioner\u00eb Bravair Minimax. Zbuloni zgjidhjet e kondicionimit t\u00eb ajrit bravair p\u00ebr performanc\u00eb t\u00eb fuqishme me dimensione t\u00eb vogla dhe estetik\u00eb t\u00eb lart\u00eb.","breadcrumb":{"@id":"https:\/\/alkyon-hvac.gr\/sq\/air-conditioning\/#breadcrumb"},"inLanguage":"sq-AL","potentialAction":[{"@type":"ReadAction","target":["https:\/\/alkyon-hvac.gr\/sq\/air-conditioning\/"]}]},{"@type":"ImageObject","inLanguage":"sq-AL","@id":"https:\/\/alkyon-hvac.gr\/sq\/air-conditioning\/#primaryimage","url":"https:\/\/alkyon-hvac.gr\/wp-content\/uploads\/2026\/01\/Bravair-Minimax-main.jpg","contentUrl":"https:\/\/alkyon-hvac.gr\/wp-content\/uploads\/2026\/01\/Bravair-Minimax-main.jpg","width":1600,"height":1200},{"@type":"BreadcrumbList","@id":"https:\/\/alkyon-hvac.gr\/sq\/air-conditioning\/#breadcrumb","itemListElement":[{"@type":"ListItem","position":1,"name":"\u0391\u03c1\u03c7\u03b9\u03ba\u03ae","item":"https:\/\/alkyon-hvac.gr\/sq\/"},{"@type":"ListItem","position":2,"name":"Kondicioner"}]},{"@type":"WebSite","@id":"https:\/\/alkyon-hvac.gr\/#website","url":"https:\/\/alkyon-hvac.gr\/","name":"Alkyon","description":"Clima Comfort Zone","publisher":{"@id":"https:\/\/alkyon-hvac.gr\/#organization"},"potentialAction":[{"@type":"SearchAction","target":{"@type":"EntryPoint","urlTemplate":"https:\/\/alkyon-hvac.gr\/?s={search_term_string}"},"query-input":{"@type":"PropertyValueSpecification","valueRequired":true,"valueName":"search_term_string"}}],"inLanguage":"sq-AL"},{"@type":"Organization","@id":"https:\/\/alkyon-hvac.gr\/#organization","name":"Alkyon SA","url":"https:\/\/alkyon-hvac.gr\/","logo":{"@type":"ImageObject","inLanguage":"sq-AL","@id":"https:\/\/alkyon-hvac.gr\/#\/schema\/logo\/image\/","url":"https:\/\/alkyon-hvac.gr\/wp-content\/uploads\/2023\/10\/favicon-blue-alkyon.png","contentUrl":"https:\/\/alkyon-hvac.gr\/wp-content\/uploads\/2023\/10\/favicon-blue-alkyon.png","width":58,"height":58,"caption":"Alkyon SA"},"image":{"@id":"https:\/\/alkyon-hvac.gr\/#\/schema\/logo\/image\/"},"sameAs":["https:\/\/www.facebook.com\/people\/Alkyon\/61551012127534\/","https:\/\/www.instagram.com\/alkyon_hvac\/"]}]}},"_links":{"self":[{"href":"https:\/\/alkyon-hvac.gr\/sq\/wp-json\/wp\/v2\/pages\/6471","targetHints":{"allow":["GET"]}}],"collection":[{"href":"https:\/\/alkyon-hvac.gr\/sq\/wp-json\/wp\/v2\/pages"}],"about":[{"href":"https:\/\/alkyon-hvac.gr\/sq\/wp-json\/wp\/v2\/types\/page"}],"author":[{"embeddable":true,"href":"https:\/\/alkyon-hvac.gr\/sq\/wp-json\/wp\/v2\/users\/2"}],"replies":[{"embeddable":true,"href":"https:\/\/alkyon-hvac.gr\/sq\/wp-json\/wp\/v2\/comments?post=6471"}],"version-history":[{"count":9,"href":"https:\/\/alkyon-hvac.gr\/sq\/wp-json\/wp\/v2\/pages\/6471\/revisions"}],"predecessor-version":[{"id":6549,"href":"https:\/\/alkyon-hvac.gr\/sq\/wp-json\/wp\/v2\/pages\/6471\/revisions\/6549"}],"wp:featuredmedia":[{"embeddable":true,"href":"https:\/\/alkyon-hvac.gr\/sq\/wp-json\/wp\/v2\/media\/6491"}],"wp:attachment":[{"href":"https:\/\/alkyon-hvac.gr\/sq\/wp-json\/wp\/v2\/media?parent=6471"}],"wp:term":[{"taxonomy":"category","embeddable":true,"href":"https:\/\/alkyon-hvac.gr\/sq\/wp-json\/wp\/v2\/categories?post=6471"},{"taxonomy":"post_tag","embeddable":true,"href":"https:\/\/alkyon-hvac.gr\/sq\/wp-json\/wp\/v2\/tags?post=6471"}],"curies":[{"name":"wp","href":"https:\/\/api.w.org\/{rel}","templated":true}]}}