{"id":4742,"date":"2023-06-20T19:11:38","date_gmt":"2023-06-20T16:11:38","guid":{"rendered":"https:\/\/alkyon-hvac.gr\/shkarko\/"},"modified":"2024-05-29T14:04:21","modified_gmt":"2024-05-29T11:04:21","slug":"shkarko","status":"publish","type":"page","link":"https:\/\/alkyon-hvac.gr\/sq\/shkarko\/","title":{"rendered":"Shkarko"},"content":{"rendered":"\t<section class=\"section\" id=\"section_1012029384\">\n\t\t<div class=\"bg section-bg fill bg-fill bg-loaded \" >\n\n\t\t\t\n\t\t\t\n\t\t\t\n\n\t\t<\/div>\n\n\t\t\n\n\t\t<div class=\"section-content relative\">\n\t\t\t\n<div class=\"row align-center\"  id=\"row-1289389772\">\n\n\t<div id=\"col-667490060\" class=\"col medium-4 small-12 large-4\"  >\n\t\t\t\t<div class=\"col-inner text-center\"  >\n\t\t\t\n\t\t\t\n\t<div id=\"gap-78717359\" class=\"gap-element clearfix\" style=\"display:block; height:auto;\">\n\t\t\n<style>\n#gap-78717359 {\n  padding-top: 140px;\n}\n@media (min-width:550px) {\n  #gap-78717359 {\n    padding-top: 100px;\n  }\n}\n<\/style>\n\t<\/div>\n\t\n\t<div id=\"text-3086986585\" class=\"text\">\n\t\t\n<h2 class=\"cera-pro-black\" style=\"margin-top: 10px;\">SHKARKONI<\/h2>\n\t\t\n<style>\n#text-3086986585 {\n  font-size: 1.5rem;\n  color: rgb(255, 255, 255);\n}\n#text-3086986585 > * {\n  color: rgb(255, 255, 255);\n}\n<\/style>\n\t<\/div>\n\t\n\t<div id=\"gap-457177113\" class=\"gap-element clearfix hide-for-small\" style=\"display:block; height:auto;\">\n\t\t\n<style>\n#gap-457177113 {\n  padding-top: 10px;\n}\n@media (min-width:550px) {\n  #gap-457177113 {\n    padding-top: 90px;\n  }\n}\n<\/style>\n\t<\/div>\n\t\n\t<div class=\"img has-hover x md-x lg-x y md-y lg-y\" id=\"image_1318313535\">\n\t\t\t\t\t\t\t\t<div class=\"img-inner dark\" >\n\t\t\t<img decoding=\"async\" width=\"207\" height=\"215\" src=\"https:\/\/alkyon-hvac.gr\/wp-content\/uploads\/2023\/06\/Asset-159.png\" class=\"attachment-original size-original\" alt=\"\" \/>\t\t\t\t\t\t\n\t\t\t\t\t<\/div>\n\t\t\t\t\t\t\t\t\n<style>\n#image_1318313535 {\n  width: 44%;\n}\n<\/style>\n\t<\/div>\n\t\n\t\t<\/div>\n\t\t\t\t\t<\/div>\n\n\t\n<\/div>\n\t\t<\/div>\n\n\t\t\n<style>\n#section_1012029384 {\n  padding-top: 30px;\n  padding-bottom: 30px;\n  min-height: 400px;\n}\n#section_1012029384 .section-bg.bg-loaded {\n  background-image: url(https:\/\/alkyon-hvac.gr\/wp-content\/uploads\/2023\/06\/Asset-255.png);\n}\n@media (min-width:550px) {\n  #section_1012029384 {\n    padding-top: 30px;\n    padding-bottom: 30px;\n    min-height: 800px;\n  }\n}\n<\/style>\n\t<\/section>\n\t\n\t<section class=\"section\" id=\"section_1704282078\">\n\t\t<div class=\"bg section-bg fill bg-fill bg-loaded \" >\n\n\t\t\t\n\t\t\t\n\t\t\t\n\n\t\t<\/div>\n\n\t\t\n\n\t\t<div class=\"section-content relative\">\n\t\t\t\n<div class=\"row\" style=\"max-width:1100px\" id=\"row-1577716151\">\n\n\t<div id=\"col-1568825065\" class=\"col small-12 large-12\"  >\n\t\t\t\t<div class=\"col-inner\"  >\n\t\t\t\n\t\t\t\n\t<div id=\"gap-482229929\" class=\"gap-element clearfix\" style=\"display:block; height:auto;\">\n\t\t\n<style>\n#gap-482229929 {\n  padding-top: 30px;\n}\n<\/style>\n\t<\/div>\n\t\n\t\t<\/div>\n\t\t\t\t\t<\/div>\n\n\t\n\n\t<div id=\"col-143994611\" class=\"col small-12 large-12\"  >\n\t\t\t\t<div class=\"col-inner\"  >\n\t\t\t\n\t\t\t\n\t<div id=\"text-2050087233\" class=\"text\">\n\t\t\n<p class=\"cera-pro-bold\">SHKARKONI<\/p>\n\t\t\n<style>\n#text-2050087233 {\n  font-size: 1.15rem;\n  color: rgb(31, 40, 90);\n}\n#text-2050087233 > * {\n  color: rgb(31, 40, 90);\n}\n<\/style>\n\t<\/div>\n\t\n\t\t<\/div>\n\t\t\t\t\t<\/div>\n\n\t\n\n\t<div id=\"col-186408063\" class=\"col small-12 large-12\"  >\n\t\t\t\t<div class=\"col-inner\"  >\n\t\t\t\n\t\t\t\n<div class=\"w3eden\">\n    <div class=\"card wpdmap-header-card\" >\n        <div class=\"card-body\">\n            <form id=\"srcp\" style=\"margin-bottom: 10px\">\n    <div class=\"row\">\n        <input type=\"hidden\" name=\"category\" id=\"initc\" value=\"0\" \/>\n        <div class=\"col-md-3\">\n            <label for=\"src\">Search:<\/label>\n            <div class=\"input-group input-src\">\n                <input type=\"text\" class=\"form-control\" name=\"src\" placeholder=\"Search\" id=\"src\">\n                <div class=\"input-group-append input-group-btn\">\n                    <button class=\"btn\" type=\"submit\"><i class=\"fas fa-search\"><\/i><\/button>\n                <\/div>\n            <\/div>\n        <\/div>\n\n\t\t<div class=\"col-md-3\">\n\t\t<div class=\"card wpdmap-card-filter\"  style=\"height:120px;\">\n\t\t\t<div class=\"card-header\">\n\t\t\t\tLanguages\t\t\t<\/div>\n\t\t\t<div class=\"card-body tag-card\">\n\t\t\t\t<ul  id=\"wpdm-langs\" style=\"list-style-type: none; line-height:0.4rem;\">\n\t\t\t\t\t<br>\n\t\t\t\t\t<li class='wpdm-tag'><label><input type='checkbox' name='wpdmtags[]' class='wpdm-tag' value='albanian'> <span class='tagname'>Albanian<\/span><\/label><\/li><li class='wpdm-tag'><label><input type='checkbox' name='wpdmtags[]' class='wpdm-tag' value='english'> <span class='tagname'>English<\/span><\/label><\/li><li class='wpdm-tag'><label><input type='checkbox' name='wpdmtags[]' class='wpdm-tag' value='greek'> <span class='tagname'>\u0395\u03bb\u03bb\u03b7\u03bd\u03b9\u03ba\u03ac<\/span><\/label><\/li>\t\t\t\t<\/ul>\n\t\t\t<\/div>\n\t\t<\/div>\n\t\t<\/div>\n\t\t\n        <div class=\"col-md-3\">\n            <label for=\"orderby\">Order By:<\/label>\n                <select name=\"orderby\" id=\"orderby\" class=\"form-control wpdm-custom-select\">\n                    <option value=\"date\" >Publish Date<\/option>\n                    <option value=\"title\" >Title<\/option>\n                    <option value=\"modified\" >Last Updated<\/option>\n                    <option value=\"view_count\" >View Count<\/option>\n                    <option value=\"download_count\" >Download Count<\/option>\n                    <option value=\"package_size_b\" >Package Size<\/option>\n            <\/select>\n           <\/div>\n        <div class=\"col-md-3\">\n            <label for=\"order\">Order:<\/label>\n            <select name=\"order\" id=\"order\" class=\"form-control wpdm-custom-select\">\n                <option value=\"DESC\">Descending Order<\/option>\n                <option value=\"ASC\" >Ascending Order<\/option>\n            <\/select>\n        <\/div>\n\n    <\/div>\n<\/form>\n        <\/div>\n        <div class=\"card-footer\">\n            <div class=\"text-right\">\n    <a href=\"#\" id=\"reset-filter\" style=\"font-size: 14px;line-height: 28px;font-weight: bold;letter-spacing: 0.5px;\"><i class=\"mr-2 fa fa-sync\"><\/i>Reset filter<\/a>\n<\/div>        <\/div>\n    <\/div>\n    <div class=\"row\">\n                    <div class=\"col-md-3 wpdmap-filter-sidebar\">\n                <div class=\"card wpdmap-card-filter mb-3\">\n    <div class=\"card-header\">\n        Categories    <\/div>\n   <!--<div class=\"card-header p-2 filter-header bg-white\"><input placeholder=\"Search...\" type=\"search\" class=\"form-control form-control-sm bg-white input-sm\" id=\"cat_src\" \/><\/div> -->\n    <div class=\"card-body cat-card\">\n            <ul class='ptypes m-0 p-0' id='wpdmcat-tree'>            <li class=\"\">\n                <label><input type=\"checkbox\"                               name=\"cats[]\"\n                              class=\"\"\n                              value=\"brochure\"> Brochures - \u03a0\u03c1\u03bf\u03c3\u03c0\u03b5\u03ba\u03c4 <\/label>\n                            <\/li>\n                        <li class=\"\">\n                <label><input type=\"checkbox\"                               name=\"cats[]\"\n                              class=\"\"\n                              value=\"pistopoiiseis\"> Certificates - \u03a0\u03b9\u03c3\u03c4\u03bf\u03c0\u03bf\u03b9\u03ae\u03c3\u03b5\u03b9\u03c2 <\/label>\n                            <\/li>\n                        <li class=\"\">\n                <label><input type=\"checkbox\"                               name=\"cats[]\"\n                              class=\"\"\n                              value=\"odigies\"> Manuals - \u039f\u03b4\u03b7\u03b3\u03af\u03b5\u03c2 <\/label>\n                            <\/li>\n                        <li class=\"\">\n                <label><input type=\"checkbox\"                               name=\"cats[]\"\n                              class=\"\"\n                              value=\"technical-data\"> Technical Data <\/label>\n                            <\/li>\n            <\/ul>    <\/div>\n    <div class=\"card-footer\">\n        Match <label class=\"mr-3 ml-3\"><input type=\"radio\" value=\"IN\" class=\"operator\" name=\"operator\">Any <\/label><label><input type=\"radio\" class=\"operator\" value=\"AND\" name=\"operator\">All<\/label>\n    <\/div>\n<\/div>\n<div class=\"card wpdmap-card-filter mb-3\">\n <!--     <div class=\"card-header\">\n        <label class=\"d-block\">\n            <span class=\"float-right pull-right\"><input id=\"dates_filter\" type=\"checkbox\"><\/span>\n            Filter Date Range        <\/label>\n    <\/div>\n  <div class=\"card-body\">\n        <div class=\"form-group m-0\">\n            <label class=\"mr-3\"><input checked=\"checked\" class=\"dates_column\" type=\"radio\" name=\"date\" value=\"publish\"> Published<\/label>\n            <label><input type=\"radio\" class=\"dates_column\" name=\"date\" value=\"update\"> Updated<\/label>\n        <\/div>\n        <input class=\"form-control\" id=\"dates\" type=\"text\" name=\"dates\" \/>\n    <\/div>-->\n<\/div>\n\n<!-----Brands----->\n<div class=\"card wpdmap-card-filter mb-3  \" style=\"height:200px;\">\n    <div class=\"card-header\">\n        Brands    <\/div>\n<!--    <div class=\"card-header p-2 filter-header bg-white\"><input placeholder=\"Search...\" type=\"search\" class=\"form-control form-control-sm bg-white input-sm\" id=\"tag_src\" \/><\/div>-->\n    <div class=\"card-body tag-card\">\n        <ul  id=\"wpdm-tags\">\n\t\t\t<br>\n            <li class='wpdm-tag'><label><input type='checkbox' name='wpdmtags[]' class='wpdmtag' value='bravair'> <span class='tagname'>Bravair<\/span><\/label><\/li><li class='wpdm-tag'><label><input type='checkbox' name='wpdmtags[]' class='wpdmtag' value='econset'> <span class='tagname'>Econset<\/span><\/label><\/li><li class='wpdm-tag'><label><input type='checkbox' name='wpdmtags[]' class='wpdmtag' value='kiturami'> <span class='tagname'>Kiturami<\/span><\/label><\/li><li class='wpdm-tag'><label><input type='checkbox' name='wpdmtags[]' class='wpdmtag' value='tangaroa'> <span class='tagname'>Tangaroa<\/span><\/label><\/li><li class='wpdm-tag'><label><input type='checkbox' name='wpdmtags[]' class='wpdmtag' value='terramatic'> <span class='tagname'>Terramatic<\/span><\/label><\/li>        <\/ul>\n    <\/div>\n<\/div>\n<!-----\/Brands----->\n<!---\n\t <div class=\"card wpdmap-card-filter mb-3\">\n    <div class=\"card-header\">\n        Tags    <\/div>\n    <div class=\"card-header p-2 filter-header bg-white\"><input placeholder=\"Search...\" type=\"search\" class=\"form-control form-control-sm bg-white input-sm\" id=\"tag_src\" \/><\/div>\n    <div class=\"card-body tag-card\">\n        <ul  id=\"wpdm-tags\">\n            <li class='wpdm-tag'><label><input type='checkbox' name='wpdmtags[]' class='wpdmtag' value='ajer-i-kondicionuar'> <span class='tagname'>aj\u00ebr i kondicionuar<\/span><\/label><\/li><li class='wpdm-tag'><label><input type='checkbox' name='wpdmtags[]' class='wpdmtag' value='ekonseti'> <span class='tagname'>EKONSETI<\/span><\/label><\/li><li class='wpdm-tag'><label><input type='checkbox' name='wpdmtags[]' class='wpdmtag' value='ftohja'> <span class='tagname'>Ftohja<\/span><\/label><\/li><li class='wpdm-tag'><label><input type='checkbox' name='wpdmtags[]' class='wpdmtag' value='kiturami-sq'> <span class='tagname'>Kiturami<\/span><\/label><\/li><li class='wpdm-tag'><label><input type='checkbox' name='wpdmtags[]' class='wpdmtag' value='%ce%b8%ce%ad%cf%81%ce%bc%ce%b1%ce%bd%cf%83%ce%b7-sq'> <span class='tagname'>Ngrohje<\/span><\/label><\/li><li class='wpdm-tag'><label><input type='checkbox' name='wpdmtags[]' class='wpdmtag' value='ngrohje-sq'> <span class='tagname'>Ngrohje<\/span><\/label><\/li><li class='wpdm-tag'><label><input type='checkbox' name='wpdmtags[]' class='wpdmtag' value='swimming-pools-sq'> <span class='tagname'>Swimming pools<\/span><\/label><\/li><li class='wpdm-tag'><label><input type='checkbox' name='wpdmtags[]' class='wpdmtag' value='tangaroa-sq'> <span class='tagname'>tangaroa<\/span><\/label><\/li><li class='wpdm-tag'><label><input type='checkbox' name='wpdmtags[]' class='wpdmtag' value='terramatic-sq'> <span class='tagname'>TERRAMATIC<\/span><\/label><\/li><li class='wpdm-tag'><label><input type='checkbox' name='wpdmtags[]' class='wpdmtag' value='bravair-sq'> <span class='tagname'>trim\u00ebri<\/span><\/label><\/li><li class='wpdm-tag'><label><input type='checkbox' name='wpdmtags[]' class='wpdmtag' value='uje-te-ngrohte-per-perdorim-sq'> <span class='tagname'>Uj\u00eb t\u00eb ngroht\u00eb p\u00ebr p\u00ebrdorim<\/span><\/label><\/li><li class='wpdm-tag'><label><input type='checkbox' name='wpdmtags[]' class='wpdmtag' value='%ce%b6%ce%b5%cf%83%cf%84%cf%8c-%ce%bd%ce%b5%cf%81%cf%8c-%cf%87%cf%81%ce%ae%cf%83%ce%b7%cf%82-sq'> <span class='tagname'>Uj\u00eb t\u00eb ngroht\u00eb p\u00ebr p\u00ebrdorim<\/span><\/label><\/li>        <\/ul>\n    <\/div>\n<\/div>\n-->\n<!-- div class=\"card wpdmap-card-filter mb-3\">\n    <div class=\"card-header\">\n        Download Count [ >= ]\n    <\/div>\n    <div class=\"card-body\">\n        <input type=\"range\" class=\"form-control\" name=\"download_count\" \/>\n    <\/div>\n<\/div>\n<div class=\"card wpdmap-card-filter mb-3\">\n    <div class=\"card-header\">\n        View Count [ >= ]\n    <\/div>\n    <div class=\"card-body\">\n        <input type=\"range\" class=\"form-control\" name=\"view_count\" \/>\n    <\/div>\n<\/div -->\n<script type=\"text\/javascript\" src=\"https:\/\/cdn.jsdelivr.net\/momentjs\/latest\/moment.min.js\"><\/script>\n<script type=\"text\/javascript\" src=\"https:\/\/cdn.jsdelivr.net\/npm\/daterangepicker\/daterangepicker.min.js\"><\/script>\n<link rel=\"stylesheet\" type=\"text\/css\" href=\"https:\/\/cdn.jsdelivr.net\/npm\/daterangepicker\/daterangepicker.css\" \/>\n<script>\n    var wpdmap_sdate = moment(\"2023-11-01 10:53:03\").format(\"YYYY-MM-DD\"), wpdmap_edate = moment(\"2026-04-28\").format(\"YYYY-MM-DD\");\n    jQuery(function ($){\n        $('.wpdmap-filter-sidebar input[name=\"dates\"]').daterangepicker(\n            {\n                opens: 'right',\n                startDate: moment(\"2023-11-01 10:53:03\"),\n                endDate: moment(\"2026-04-28\"),\n                ranges: {\n                    'Today': [moment(), moment()],\n                    'Yesterday': [moment().subtract(1, 'days'), moment().subtract(1, 'days')],\n                    'Last 7 Days': [moment().subtract(6, 'days'), moment()],\n                    'Last 30 Days': [moment().subtract(29, 'days'), moment()],\n                    'This Month': [moment().startOf('month'), moment().endOf('month')],\n                    'Last Month': [moment().subtract(1, 'month').startOf('month'), moment().subtract(1, 'month').endOf('month')]\n                }\n            }\n        );\n\n    });\n<\/script>\n            <\/div>\n                <div class=\"col-md-9\">\n            <div class='wpdm-downloads' id='wpdm-downloads'>\n\n    <div class=\"card\">\n        <div class=\"card-body text-center p-5\">\n            Select category or search...        <\/div>\n    <\/div>\n\n<\/div>\n        <\/div>\n        \n    <\/div>\n\n<\/div>\n\n<script>\n    var wpdmap_params = 'eqFcczKBHzzrCZGX3s2zZh9tNXTfYBtQeKSBknhC9GOKFva0iTt1KOfo2CrOKpMYPLa6sV0_ZAIRZ129rN5cGYOdy_nzEepRAVNq6EUJWn5yQw3snivbcXC9_xxhgbyy4jaOIVhBCZ-gMeUK8sLpBw';\n<\/script>\n\n\t\t<\/div>\n\t\t\t\t\t<\/div>\n\n\t\n<\/div>\n\t\t<\/div>\n\n\t\t\n<style>\n#section_1704282078 {\n  padding-top: 0px;\n  padding-bottom: 0px;\n  min-height: 400px;\n}\n#section_1704282078 .section-bg.bg-loaded {\n  background-image: url(https:\/\/alkyon-hvac.gr\/wp-content\/uploads\/2023\/06\/Asset-261.png);\n}\n<\/style>\n\t<\/section>\n\t\n","protected":false},"excerpt":{"rendered":"","protected":false},"author":3,"featured_media":0,"parent":0,"menu_order":0,"comment_status":"closed","ping_status":"closed","template":"page-transparent-header.php","meta":{"footnotes":""},"categories":[],"tags":[],"class_list":["post-4742","page","type-page","status-publish","hentry"],"yoast_head":"<!-- This site is optimized with the Yoast SEO plugin v23.8 - https:\/\/yoast.com\/wordpress\/plugins\/seo\/ -->\n<title>Shkarko - Alkyon<\/title>\n<meta name=\"robots\" content=\"index, follow, max-snippet:-1, max-image-preview:large, max-video-preview:-1\" \/>\n<link rel=\"canonical\" href=\"https:\/\/alkyon-hvac.gr\/sq\/shkarko\/\" \/>\n<meta property=\"og:locale\" content=\"sq_AL\" \/>\n<meta property=\"og:type\" content=\"article\" \/>\n<meta property=\"og:title\" content=\"Shkarko - Alkyon\" \/>\n<meta property=\"og:url\" content=\"https:\/\/alkyon-hvac.gr\/sq\/shkarko\/\" \/>\n<meta property=\"og:site_name\" content=\"Alkyon\" \/>\n<meta property=\"article:publisher\" content=\"https:\/\/www.facebook.com\/people\/Alkyon\/61551012127534\/\" \/>\n<meta property=\"article:modified_time\" content=\"2024-05-29T11:04:21+00:00\" \/>\n<meta name=\"twitter:card\" content=\"summary_large_image\" \/>\n<meta name=\"twitter:label1\" content=\"Est. reading time\" \/>\n\t<meta name=\"twitter:data1\" content=\"1 minute\" \/>\n<script type=\"application\/ld+json\" class=\"yoast-schema-graph\">{\"@context\":\"https:\/\/schema.org\",\"@graph\":[{\"@type\":\"WebPage\",\"@id\":\"https:\/\/alkyon-hvac.gr\/sq\/shkarko\/\",\"url\":\"https:\/\/alkyon-hvac.gr\/sq\/shkarko\/\",\"name\":\"Shkarko - Alkyon\",\"isPartOf\":{\"@id\":\"https:\/\/alkyon-hvac.gr\/#website\"},\"datePublished\":\"2023-06-20T16:11:38+00:00\",\"dateModified\":\"2024-05-29T11:04:21+00:00\",\"breadcrumb\":{\"@id\":\"https:\/\/alkyon-hvac.gr\/sq\/shkarko\/#breadcrumb\"},\"inLanguage\":\"sq-AL\",\"potentialAction\":[{\"@type\":\"ReadAction\",\"target\":[\"https:\/\/alkyon-hvac.gr\/sq\/shkarko\/\"]}]},{\"@type\":\"BreadcrumbList\",\"@id\":\"https:\/\/alkyon-hvac.gr\/sq\/shkarko\/#breadcrumb\",\"itemListElement\":[{\"@type\":\"ListItem\",\"position\":1,\"name\":\"\u0391\u03c1\u03c7\u03b9\u03ba\u03ae\",\"item\":\"https:\/\/alkyon-hvac.gr\/sq\/\"},{\"@type\":\"ListItem\",\"position\":2,\"name\":\"Shkarko\"}]},{\"@type\":\"WebSite\",\"@id\":\"https:\/\/alkyon-hvac.gr\/#website\",\"url\":\"https:\/\/alkyon-hvac.gr\/\",\"name\":\"Alkyon\",\"description\":\"Clima Comfort Zone\",\"publisher\":{\"@id\":\"https:\/\/alkyon-hvac.gr\/#organization\"},\"potentialAction\":[{\"@type\":\"SearchAction\",\"target\":{\"@type\":\"EntryPoint\",\"urlTemplate\":\"https:\/\/alkyon-hvac.gr\/?s={search_term_string}\"},\"query-input\":{\"@type\":\"PropertyValueSpecification\",\"valueRequired\":true,\"valueName\":\"search_term_string\"}}],\"inLanguage\":\"sq-AL\"},{\"@type\":\"Organization\",\"@id\":\"https:\/\/alkyon-hvac.gr\/#organization\",\"name\":\"Alkyon SA\",\"url\":\"https:\/\/alkyon-hvac.gr\/\",\"logo\":{\"@type\":\"ImageObject\",\"inLanguage\":\"sq-AL\",\"@id\":\"https:\/\/alkyon-hvac.gr\/#\/schema\/logo\/image\/\",\"url\":\"https:\/\/alkyon-hvac.gr\/wp-content\/uploads\/2023\/10\/favicon-blue-alkyon.png\",\"contentUrl\":\"https:\/\/alkyon-hvac.gr\/wp-content\/uploads\/2023\/10\/favicon-blue-alkyon.png\",\"width\":58,\"height\":58,\"caption\":\"Alkyon SA\"},\"image\":{\"@id\":\"https:\/\/alkyon-hvac.gr\/#\/schema\/logo\/image\/\"},\"sameAs\":[\"https:\/\/www.facebook.com\/people\/Alkyon\/61551012127534\/\",\"https:\/\/www.instagram.com\/alkyon_hvac\/\"]}]}<\/script>\n<!-- \/ Yoast SEO plugin. -->","yoast_head_json":{"title":"Shkarko - Alkyon","robots":{"index":"index","follow":"follow","max-snippet":"max-snippet:-1","max-image-preview":"max-image-preview:large","max-video-preview":"max-video-preview:-1"},"canonical":"https:\/\/alkyon-hvac.gr\/sq\/shkarko\/","og_locale":"sq_AL","og_type":"article","og_title":"Shkarko - Alkyon","og_url":"https:\/\/alkyon-hvac.gr\/sq\/shkarko\/","og_site_name":"Alkyon","article_publisher":"https:\/\/www.facebook.com\/people\/Alkyon\/61551012127534\/","article_modified_time":"2024-05-29T11:04:21+00:00","twitter_card":"summary_large_image","twitter_misc":{"Est. reading time":"1 minute"},"schema":{"@context":"https:\/\/schema.org","@graph":[{"@type":"WebPage","@id":"https:\/\/alkyon-hvac.gr\/sq\/shkarko\/","url":"https:\/\/alkyon-hvac.gr\/sq\/shkarko\/","name":"Shkarko - Alkyon","isPartOf":{"@id":"https:\/\/alkyon-hvac.gr\/#website"},"datePublished":"2023-06-20T16:11:38+00:00","dateModified":"2024-05-29T11:04:21+00:00","breadcrumb":{"@id":"https:\/\/alkyon-hvac.gr\/sq\/shkarko\/#breadcrumb"},"inLanguage":"sq-AL","potentialAction":[{"@type":"ReadAction","target":["https:\/\/alkyon-hvac.gr\/sq\/shkarko\/"]}]},{"@type":"BreadcrumbList","@id":"https:\/\/alkyon-hvac.gr\/sq\/shkarko\/#breadcrumb","itemListElement":[{"@type":"ListItem","position":1,"name":"\u0391\u03c1\u03c7\u03b9\u03ba\u03ae","item":"https:\/\/alkyon-hvac.gr\/sq\/"},{"@type":"ListItem","position":2,"name":"Shkarko"}]},{"@type":"WebSite","@id":"https:\/\/alkyon-hvac.gr\/#website","url":"https:\/\/alkyon-hvac.gr\/","name":"Alkyon","description":"Clima Comfort Zone","publisher":{"@id":"https:\/\/alkyon-hvac.gr\/#organization"},"potentialAction":[{"@type":"SearchAction","target":{"@type":"EntryPoint","urlTemplate":"https:\/\/alkyon-hvac.gr\/?s={search_term_string}"},"query-input":{"@type":"PropertyValueSpecification","valueRequired":true,"valueName":"search_term_string"}}],"inLanguage":"sq-AL"},{"@type":"Organization","@id":"https:\/\/alkyon-hvac.gr\/#organization","name":"Alkyon SA","url":"https:\/\/alkyon-hvac.gr\/","logo":{"@type":"ImageObject","inLanguage":"sq-AL","@id":"https:\/\/alkyon-hvac.gr\/#\/schema\/logo\/image\/","url":"https:\/\/alkyon-hvac.gr\/wp-content\/uploads\/2023\/10\/favicon-blue-alkyon.png","contentUrl":"https:\/\/alkyon-hvac.gr\/wp-content\/uploads\/2023\/10\/favicon-blue-alkyon.png","width":58,"height":58,"caption":"Alkyon SA"},"image":{"@id":"https:\/\/alkyon-hvac.gr\/#\/schema\/logo\/image\/"},"sameAs":["https:\/\/www.facebook.com\/people\/Alkyon\/61551012127534\/","https:\/\/www.instagram.com\/alkyon_hvac\/"]}]}},"_links":{"self":[{"href":"https:\/\/alkyon-hvac.gr\/sq\/wp-json\/wp\/v2\/pages\/4742","targetHints":{"allow":["GET"]}}],"collection":[{"href":"https:\/\/alkyon-hvac.gr\/sq\/wp-json\/wp\/v2\/pages"}],"about":[{"href":"https:\/\/alkyon-hvac.gr\/sq\/wp-json\/wp\/v2\/types\/page"}],"author":[{"embeddable":true,"href":"https:\/\/alkyon-hvac.gr\/sq\/wp-json\/wp\/v2\/users\/3"}],"replies":[{"embeddable":true,"href":"https:\/\/alkyon-hvac.gr\/sq\/wp-json\/wp\/v2\/comments?post=4742"}],"version-history":[{"count":1,"href":"https:\/\/alkyon-hvac.gr\/sq\/wp-json\/wp\/v2\/pages\/4742\/revisions"}],"predecessor-version":[{"id":4747,"href":"https:\/\/alkyon-hvac.gr\/sq\/wp-json\/wp\/v2\/pages\/4742\/revisions\/4747"}],"wp:attachment":[{"href":"https:\/\/alkyon-hvac.gr\/sq\/wp-json\/wp\/v2\/media?parent=4742"}],"wp:term":[{"taxonomy":"category","embeddable":true,"href":"https:\/\/alkyon-hvac.gr\/sq\/wp-json\/wp\/v2\/categories?post=4742"},{"taxonomy":"post_tag","embeddable":true,"href":"https:\/\/alkyon-hvac.gr\/sq\/wp-json\/wp\/v2\/tags?post=4742"}],"curies":[{"name":"wp","href":"https:\/\/api.w.org\/{rel}","templated":true}]}}