{"id":4692,"date":"2023-09-05T14:58:26","date_gmt":"2023-09-05T11:58:26","guid":{"rendered":"https:\/\/alkyon-hvac.gr\/pishina\/"},"modified":"2024-06-06T12:53:16","modified_gmt":"2024-06-06T09:53:16","slug":"pishina","status":"publish","type":"page","link":"https:\/\/alkyon-hvac.gr\/sq\/pishina\/","title":{"rendered":"Pishina"},"content":{"rendered":"\t<section class=\"section hide-for-medium\" id=\"section_1633418159\">\n\t\t<div class=\"bg section-bg fill bg-fill bg-loaded \" >\n\n\t\t\t\n\t\t\t\n\t\t\t\n\n\t\t<\/div>\n\n\t\t\n\n\t\t<div class=\"section-content relative\">\n\t\t\t\n<div class=\"row\"  id=\"row-893801590\">\n\n\t<div id=\"col-780691123\" class=\"col medium-2 small-12 large-2\"  >\n\t\t\t\t<div class=\"col-inner\"  >\n\t\t\t\n\t\t\t\n\t\t<\/div>\n\t\t\t\t\t<\/div>\n\n\t\n\n\t<div id=\"col-567073759\" class=\"col medium-8 small-12 large-8\"  >\n\t\t\t\t<div class=\"col-inner text-center\"  >\n\t\t\t\n\t\t\t\n\t<div id=\"gap-1553551444\" class=\"gap-element clearfix poolgap1\" style=\"display:block; height:auto;\">\n\t\t\n<style>\n#gap-1553551444 {\n  padding-top: 400px;\n}\n<\/style>\n\t<\/div>\n\t\n\t<div class=\"img has-hover x md-x lg-x y md-y lg-y\" id=\"image_698707198\">\n\t\t\t\t\t\t\t\t<div class=\"img-inner dark\" >\n\t\t\t<img decoding=\"async\" width=\"263\" height=\"173\" src=\"https:\/\/alkyon-hvac.gr\/wp-content\/uploads\/2023\/06\/Asset-165.png\" class=\"attachment-original size-original\" alt=\"\" \/>\t\t\t\t\t\t\n\t\t\t\t\t<\/div>\n\t\t\t\t\t\t\t\t\n<style>\n#image_698707198 {\n  width: 22%;\n}\n<\/style>\n\t<\/div>\n\t\n\t<div id=\"gap-909208920\" class=\"gap-element clearfix\" style=\"display:block; height:auto;\">\n\t\t\n<style>\n#gap-909208920 {\n  padding-top: 50px;\n}\n<\/style>\n\t<\/div>\n\t\n\t<div id=\"text-3672995274\" class=\"text\">\n\t\t\n<h2 class=\"cera-pro-black\" style=\"letter-spacing: 5px\">PISHINA<br \/><strong><\/strong><\/h2>\n\t\t\n<style>\n#text-3672995274 {\n  font-size: 1.35rem;\n  color: rgb(255,255,255);\n}\n#text-3672995274 > * {\n  color: rgb(255,255,255);\n}\n<\/style>\n\t<\/div>\n\t\n\t<div id=\"text-969587860\" class=\"text\">\n\t\t\n<p>Not i sigurt me kujdes t\u00eb vazhduesh\u00ebm t\u00eb ujit dhe temperatur\u00ebs s\u00eb tij, gjat\u00eb gjith\u00eb vitit.<\/p>\n\t\t\n<style>\n#text-969587860 {\n  font-size: 1.25rem;\n  line-height: 1.35;\n  color: rgb(255,255,255);\n}\n#text-969587860 > * {\n  color: rgb(255,255,255);\n}\n<\/style>\n\t<\/div>\n\t\n\t\t<\/div>\n\t\t\t\t\t<\/div>\n\n\t\n\n\t<div id=\"col-1373492299\" class=\"col medium-2 small-12 large-2\"  >\n\t\t\t\t<div class=\"col-inner\"  >\n\t\t\t\n\t\t\t\n\t\t<\/div>\n\t\t\t\t\t<\/div>\n\n\t\n<\/div>\n\t<div id=\"gap-3551023\" class=\"gap-element clearfix poolgap2\" style=\"display:block; height:auto;\">\n\t\t\n<style>\n#gap-3551023 {\n  padding-top: 1100px;\n}\n<\/style>\n\t<\/div>\n\t\n<div class=\"row align-middle eksoplismos thermansi\"  id=\"row-2024505342\">\n\n\t<div id=\"col-1398739806\" class=\"col medium-4 small-12 large-4\"  >\n\t\t\t\t<div class=\"col-inner\"  >\n\t\t\t\n\t\t\t\n\t\t<\/div>\n\t\t\t\t\t<\/div>\n\n\t\n\n\t<div id=\"col-1886181909\" class=\"col medium-2 small-12 large-2\"  >\n\t\t\t\t<div class=\"col-inner text-center\"  >\n\t\t\t\n\t\t\t\n\t<div class=\"img has-hover x md-x lg-x y md-y lg-y\" id=\"image_915884411\">\n\t\t\t\t\t\t\t\t<div class=\"img-inner dark\" style=\"margin:0px -40px 0px 0px;\">\n\t\t\t<img decoding=\"async\" width=\"199\" height=\"200\" src=\"https:\/\/alkyon-hvac.gr\/wp-content\/uploads\/2023\/09\/Asset-21.png\" class=\"attachment-original size-original\" alt=\"\" \/>\t\t\t\t\t\t\n\t\t\t\t\t<\/div>\n\t\t\t\t\t\t\t\t\n<style>\n#image_915884411 {\n  width: 60%;\n}\n<\/style>\n\t<\/div>\n\t\n\t\t<\/div>\n\t\t\t\t\t<\/div>\n\n\t\n\n\t<div id=\"col-1745267212\" class=\"col medium-6 small-12 large-6\"  >\n\t\t\t\t<div class=\"col-inner\"  >\n\t\t\t\n\t\t\t\n\t<div id=\"text-2542720185\" class=\"text\">\n\t\t\n<h2 class=\"cera-pro-black\">CIL\u00cbSIA IDEAL I UJIT<br \/>\nTEMPERATURA E SAKT\u00cb<br \/>\nEFEKTIVE<br \/>PASTRIMI<\/h2>\n\t\t\n<style>\n#text-2542720185 {\n  font-size: 1.3rem;\n  line-height: 1.3;\n  color: rgb(31, 40, 90);\n}\n#text-2542720185 > * {\n  color: rgb(31, 40, 90);\n}\n<\/style>\n\t<\/div>\n\t\n\t\t<\/div>\n\t\t\t\t\t<\/div>\n\n\t\n\n<style>\n#row-2024505342 > .col > .col-inner {\n  padding: -250px 0px 0px 0px;\n}\n<\/style>\n<\/div>\n<div class=\"row align-middle eksoplismos\"  id=\"row-1467315650\">\n\n\t<div id=\"col-2044802640\" class=\"col medium-6 small-12 large-6\"  >\n\t\t\t\t<div class=\"col-inner text-left\"  >\n\t\t\t\n\t\t\t\n\t<div id=\"gap-755043512\" class=\"gap-element clearfix poolgap3\" style=\"display:block; height:auto;\">\n\t\t\n<style>\n#gap-755043512 {\n  padding-top: 200px;\n}\n<\/style>\n\t<\/div>\n\t\n\t<div id=\"text-4098175210\" class=\"text\">\n\t\t\n<h2 class=\"cera-pro-bold\" style=\"margin-left: 70px\">Pompat e nxeht\u00ebsis\u00eb p\u00ebr pishina dhe Spa<br \/>\n<\/h2>\n\t\t\n<style>\n#text-4098175210 {\n  font-size: 1.25rem;\n  text-align: left;\n  color: rgb(31, 40, 90);\n}\n#text-4098175210 > * {\n  color: rgb(31, 40, 90);\n}\n<\/style>\n\t<\/div>\n\t\n\t<div id=\"text-2253313650\" class=\"text\">\n\t\t\n<p style=\"margin-left: 70px\">Zgjidhja m\u00eb e p\u00ebrshtatshme p\u00ebr ftohjen dhe ngrohjen e pishin\u00ebs, e cila b\u00ebn t\u00eb mundur p\u00ebrdorimin e saj dim\u00ebr-ver\u00eb n\u00eb m\u00ebnyr\u00ebn m\u00eb ekonomike dhe t\u00eb sigurt.<\/p>\n\t\t\n<style>\n#text-2253313650 {\n  font-size: 1.2rem;\n  text-align: left;\n  color: rgb(31, 40, 90);\n}\n#text-2253313650 > * {\n  color: rgb(31, 40, 90);\n}\n<\/style>\n\t<\/div>\n\t\n\n\t\t<div class=\"icon-box featured-box icon-box-left text-left\"  style=\"margin:-20px 0px 0px 60px;\">\n\t\t\t\t\t<div class=\"icon-box-img\" style=\"width: 84px\">\n\t\t\t\t<div class=\"icon\">\n\t\t\t\t\t<div class=\"icon-inner\" >\n\t\t\t\t\t\t<img decoding=\"async\" width=\"199\" height=\"200\" src=\"https:\/\/alkyon-hvac.gr\/wp-content\/uploads\/2023\/09\/Asset-21.png\" class=\"attachment-medium size-medium\" alt=\"\" \/>\t\t\t\t\t<\/div>\n\t\t\t\t<\/div>\n\t\t\t<\/div>\n\t\t\t\t<div class=\"icon-box-text last-reset\">\n\t\t\t\t\t\t\t\t\t\n\t<div id=\"text-2953096914\" class=\"text\">\n\t\t\n<p><a href = \"https:\/\/alkyon-hvac.gr\/sq\/pool-heat-pumps\/\"><\/p>\n<p class=\"cera-pro-bold\" style=\"margin-top: 35px; margin-left: -10px\">SHIKONI PRODUKTET<\/p>\n<p><\/a><\/p>\n\t\t\n<style>\n#text-2953096914 {\n  font-size: 0.75rem;\n  color: rgb(31, 40, 90);\n}\n#text-2953096914 > * {\n  color: rgb(31, 40, 90);\n}\n<\/style>\n\t<\/div>\n\t\n\t\t<\/div>\n\t<\/div>\n\t\n\t\n\t\t<\/div>\n\t\t\t\t\t<\/div>\n\n\t\n\n\t<div id=\"col-1284262539\" class=\"col medium-5 small-12 large-5\"  >\n\t\t\t\t<div class=\"col-inner\"  >\n\t\t\t\n\t\t\t\n\t<div id=\"gap-761663039\" class=\"gap-element clearfix\" style=\"display:block; height:auto;\">\n\t\t\n<style>\n#gap-761663039 {\n  padding-top: 30px;\n}\n<\/style>\n\t<\/div>\n\t\n\t\t<\/div>\n\t\t\t\t\n<style>\n#col-1284262539 > .col-inner {\n  margin: -300px 0px 0px 0px;\n}\n<\/style>\n\t<\/div>\n\n\t\n\n<style>\n#row-1467315650 > .col > .col-inner {\n  padding: 50px 0px 0px 0px;\n}\n<\/style>\n<\/div>\n\t<div id=\"gap-545144693\" class=\"gap-element clearfix\" style=\"display:block; height:auto;\">\n\t\t\n<style>\n#gap-545144693 {\n  padding-top: 440px;\n}\n<\/style>\n\t<\/div>\n\t\n\n\n\t\t<\/div>\n\n\t\t\n<style>\n#section_1633418159 {\n  padding-top: 30px;\n  padding-bottom: 30px;\n}\n#section_1633418159 .section-bg.bg-loaded {\n  background-image: url(https:\/\/alkyon-hvac.gr\/wp-content\/uploads\/2023\/10\/pool-new-web100.webp);\n}\n#section_1633418159 .section-bg {\n  background-position: 49% 0%;\n}\n<\/style>\n\t<\/section>\n\t\n\t<section class=\"section show-for-medium\" id=\"section_739178204\">\n\t\t<div class=\"bg section-bg fill bg-fill bg-loaded \" >\n\n\t\t\t\n\t\t\t\n\t\t\t\n\n\t\t<\/div>\n\n\t\t\n\n\t\t<div class=\"section-content relative\">\n\t\t\t\n<div class=\"row\"  id=\"row-1562143013\">\n\n\t<div id=\"col-1151243185\" class=\"col medium-2 small-12 large-2\"  >\n\t\t\t\t<div class=\"col-inner\"  >\n\t\t\t\n\t\t\t\n\t\t<\/div>\n\t\t\t\t\t<\/div>\n\n\t\n\n\t<div id=\"col-835534101\" class=\"col medium-8 small-12 large-8\"  >\n\t\t\t\t<div class=\"col-inner text-center\"  >\n\t\t\t\n\t\t\t\n\t<div id=\"gap-37239361\" class=\"gap-element clearfix poolgap1\" style=\"display:block; height:auto;\">\n\t\t\n<style>\n#gap-37239361 {\n  padding-top: 200px;\n}\n@media (min-width:850px) {\n  #gap-37239361 {\n    padding-top: 400px;\n  }\n}\n<\/style>\n\t<\/div>\n\t\n\t<div class=\"img has-hover x md-x lg-x y md-y lg-y\" id=\"image_1413795252\">\n\t\t\t\t\t\t\t\t<div class=\"img-inner dark\" >\n\t\t\t<img decoding=\"async\" width=\"263\" height=\"173\" src=\"https:\/\/alkyon-hvac.gr\/wp-content\/uploads\/2023\/06\/Asset-165.png\" class=\"attachment-original size-original\" alt=\"\" \/>\t\t\t\t\t\t\n\t\t\t\t\t<\/div>\n\t\t\t\t\t\t\t\t\n<style>\n#image_1413795252 {\n  width: 22%;\n}\n<\/style>\n\t<\/div>\n\t\n\t<div id=\"gap-118569083\" class=\"gap-element clearfix\" style=\"display:block; height:auto;\">\n\t\t\n<style>\n#gap-118569083 {\n  padding-top: 50px;\n}\n<\/style>\n\t<\/div>\n\t\n\t<div id=\"text-1106597208\" class=\"text\">\n\t\t\n<h2 class=\"cera-pro-black\" style=\"letter-spacing: 5px\">PISHINA<br \/><strong><\/strong><\/h2>\n\t\t\n<style>\n#text-1106597208 {\n  font-size: 1.35rem;\n  color: rgb(255,255,255);\n}\n#text-1106597208 > * {\n  color: rgb(255,255,255);\n}\n<\/style>\n\t<\/div>\n\t\n\t<div id=\"text-3754561800\" class=\"text\">\n\t\t\n<p>Not i sigurt me kujdes t\u00eb vazhduesh\u00ebm t\u00eb ujit dhe temperatur\u00ebs s\u00eb tij, gjat\u00eb gjith\u00eb vitit.<\/p>\n\t\t\n<style>\n#text-3754561800 {\n  font-size: 1.25rem;\n  line-height: 1.35;\n  color: rgb(255,255,255);\n}\n#text-3754561800 > * {\n  color: rgb(255,255,255);\n}\n<\/style>\n\t<\/div>\n\t\n\t\t<\/div>\n\t\t\t\t\t<\/div>\n\n\t\n\n\t<div id=\"col-1223481435\" class=\"col medium-2 small-12 large-2\"  >\n\t\t\t\t<div class=\"col-inner\"  >\n\t\t\t\n\t\t\t\n\t\t<\/div>\n\t\t\t\t\t<\/div>\n\n\t\n<\/div>\n\t\t<\/div>\n\n\t\t\n<style>\n#section_739178204 {\n  padding-top: 30px;\n  padding-bottom: 30px;\n}\n#section_739178204 .section-bg.bg-loaded {\n  background-image: url(https:\/\/alkyon-hvac.gr\/wp-content\/uploads\/2023\/10\/pool-new-p1-web100.webp);\n}\n#section_739178204 .section-bg {\n  background-position: 49% 0%;\n}\n<\/style>\n\t<\/section>\n\t\n\t<section class=\"section show-for-medium\" id=\"section_1492134034\">\n\t\t<div class=\"bg section-bg fill bg-fill bg-loaded bg-loaded\" >\n\n\t\t\t\n\t\t\t\n\t\t\t\n\n\t\t<\/div>\n\n\t\t\n\n\t\t<div class=\"section-content relative\">\n\t\t\t\n<div class=\"row align-middle\"  id=\"row-1915199809\">\n\n\t<div id=\"col-540553409\" class=\"col hide-for-small medium-2 small-12 large-2\"  >\n\t\t\t\t<div class=\"col-inner text-center\"  >\n\t\t\t\n\t\t\t\n\t<div class=\"img has-hover x md-x lg-x y md-y lg-y\" id=\"image_73719284\">\n\t\t\t\t\t\t\t\t<div class=\"img-inner dark\" style=\"margin:0px -40px 0px 0px;\">\n\t\t\t<img decoding=\"async\" width=\"199\" height=\"200\" src=\"https:\/\/alkyon-hvac.gr\/wp-content\/uploads\/2023\/09\/Asset-21.png\" class=\"attachment-original size-original\" alt=\"\" \/>\t\t\t\t\t\t\n\t\t\t\t\t<\/div>\n\t\t\t\t\t\t\t\t\n<style>\n#image_73719284 {\n  width: 60%;\n}\n<\/style>\n\t<\/div>\n\t\n\t\t<\/div>\n\t\t\t\t\t<\/div>\n\n\t\n\n\t<div id=\"col-1983599000\" class=\"col medium-10 small-12 large-5\"  >\n\t\t\t\t<div class=\"col-inner\"  >\n\t\t\t\n\t\t\t\n\t<div id=\"text-1266611036\" class=\"text\">\n\t\t\n<h2 class=\"cera-pro-black\">CIL\u00cbSIA IDEAL I UJIT<br \/>\nTEMPERATURA E SAKT\u00cb<br \/>\nPASTRIMI EFEKTIV<\/h2>\n\t\t\n<style>\n#text-1266611036 {\n  font-size: 1rem;\n  line-height: 1.3;\n  color: rgb(31, 40, 90);\n}\n#text-1266611036 > * {\n  color: rgb(31, 40, 90);\n}\n@media (min-width:850px) {\n  #text-1266611036 {\n    font-size: 1.3rem;\n  }\n}\n<\/style>\n\t<\/div>\n\t\n\t\t<\/div>\n\t\t\t\t\t<\/div>\n\n\t\n\n\t<div id=\"col-1463389231\" class=\"col medium-12 small-12 large-4\"  >\n\t\t\t\t<div class=\"col-inner\"  >\n\t\t\t\n\t\t\t\n\t<div class=\"img has-hover x md-x lg-x y md-y lg-y\" id=\"image_787464353\">\n\t\t\t\t\t\t\t\t<div class=\"img-inner dark\" >\n\t\t\t<img loading=\"lazy\" decoding=\"async\" width=\"1921\" height=\"1086\" src=\"https:\/\/alkyon-hvac.gr\/wp-content\/uploads\/2023\/10\/pool-new-p2-web90.webp\" class=\"attachment-original size-original\" alt=\"\" srcset=\"https:\/\/alkyon-hvac.gr\/wp-content\/uploads\/2023\/10\/pool-new-p2-web90.webp 1921w, https:\/\/alkyon-hvac.gr\/wp-content\/uploads\/2023\/10\/pool-new-p2-web90-708x400.webp 708w, https:\/\/alkyon-hvac.gr\/wp-content\/uploads\/2023\/10\/pool-new-p2-web90-1400x791.webp 1400w, https:\/\/alkyon-hvac.gr\/wp-content\/uploads\/2023\/10\/pool-new-p2-web90-768x434.webp 768w, https:\/\/alkyon-hvac.gr\/wp-content\/uploads\/2023\/10\/pool-new-p2-web90-1536x868.webp 1536w\" sizes=\"(max-width: 1921px) 100vw, 1921px\" \/>\t\t\t\t\t\t\n\t\t\t\t\t<\/div>\n\t\t\t\t\t\t\t\t\n<style>\n#image_787464353 {\n  width: 100%;\n}\n<\/style>\n\t<\/div>\n\t\n\t\t<\/div>\n\t\t\t\t\t<\/div>\n\n\t\n\n<style>\n#row-1915199809 > .col > .col-inner {\n  padding: 0px 0px 0px 0px;\n}\n@media (min-width:850px) {\n  #row-1915199809 > .col > .col-inner {\n    padding: -250px 0px 0px 0px;\n  }\n}\n<\/style>\n<\/div>\n<div class=\"row align-middle eksoplismos\"  id=\"row-909009698\">\n\n\t<div id=\"col-1407059808\" class=\"col medium-12 small-12 large-6\"  >\n\t\t\t\t<div class=\"col-inner text-left\"  >\n\t\t\t\n\t\t\t\n\t<div id=\"text-592754665\" class=\"text\">\n\t\t\n<h2 class=\"cera-pro-bold\">Pompat e nxeht\u00ebsis\u00eb p\u00ebr pishina dhe Spa<br \/>\n<\/h2>\n\t\t\n<style>\n#text-592754665 {\n  font-size: 1.25rem;\n  text-align: left;\n  color: rgb(31, 40, 90);\n}\n#text-592754665 > * {\n  color: rgb(31, 40, 90);\n}\n<\/style>\n\t<\/div>\n\t\n\t<div id=\"text-695599769\" class=\"text\">\n\t\t\n<p>Zgjidhja m\u00eb e p\u00ebrshtatshme p\u00ebr ftohjen dhe ngrohjen e pishin\u00ebs, e cila b\u00ebn t\u00eb mundur p\u00ebrdorimin e saj dim\u00ebr-ver\u00eb n\u00eb m\u00ebnyr\u00ebn m\u00eb ekonomike dhe t\u00eb sigurt.<\/p>\n\t\t\n<style>\n#text-695599769 {\n  font-size: 1.2rem;\n  text-align: left;\n  color: rgb(31, 40, 90);\n}\n#text-695599769 > * {\n  color: rgb(31, 40, 90);\n}\n<\/style>\n\t<\/div>\n\t\n\n\t\t<div class=\"icon-box featured-box icon-box-left text-left\"  style=\"margin:-20px 0px 0px 0px;\">\n\t\t\t\t\t<div class=\"icon-box-img\" style=\"width: 84px\">\n\t\t\t\t<div class=\"icon\">\n\t\t\t\t\t<div class=\"icon-inner\" >\n\t\t\t\t\t\t<img decoding=\"async\" width=\"199\" height=\"200\" src=\"https:\/\/alkyon-hvac.gr\/wp-content\/uploads\/2023\/09\/Asset-21.png\" class=\"attachment-medium size-medium\" alt=\"\" \/>\t\t\t\t\t<\/div>\n\t\t\t\t<\/div>\n\t\t\t<\/div>\n\t\t\t\t<div class=\"icon-box-text last-reset\">\n\t\t\t\t\t\t\t\t\t\n\t<div id=\"text-1038387853\" class=\"text\">\n\t\t\n<p><a href = \"https:\/\/alkyon-hvac.gr\/sq\/pool-heat-pumps\/\"><\/p>\n<p class=\"cera-pro-bold\" style=\"margin-top: 35px; margin-left: -10px\">SHIKONI PRODUKTET<\/p>\n<p><\/a><\/p>\n\t\t\n<style>\n#text-1038387853 {\n  font-size: 0.75rem;\n  color: rgb(31, 40, 90);\n}\n#text-1038387853 > * {\n  color: rgb(31, 40, 90);\n}\n<\/style>\n\t<\/div>\n\t\n\t\t<\/div>\n\t<\/div>\n\t\n\t\n\t\t<\/div>\n\t\t\t\t\t<\/div>\n\n\t\n\n\t<div id=\"col-1354692152\" class=\"col medium-12 small-12 large-5\"  >\n\t\t\t\t<div class=\"col-inner\"  >\n\t\t\t\n\t\t\t\n\t<div class=\"img has-hover x md-x lg-x y md-y lg-y\" id=\"image_1059138120\">\n\t\t\t\t\t\t\t\t<div class=\"img-inner dark\" >\n\t\t\t<img loading=\"lazy\" decoding=\"async\" width=\"1921\" height=\"539\" src=\"https:\/\/alkyon-hvac.gr\/wp-content\/uploads\/2023\/10\/pool-new-p3-web90.webp\" class=\"attachment-original size-original\" alt=\"\" srcset=\"https:\/\/alkyon-hvac.gr\/wp-content\/uploads\/2023\/10\/pool-new-p3-web90.webp 1921w, https:\/\/alkyon-hvac.gr\/wp-content\/uploads\/2023\/10\/pool-new-p3-web90-800x224.webp 800w, https:\/\/alkyon-hvac.gr\/wp-content\/uploads\/2023\/10\/pool-new-p3-web90-1400x393.webp 1400w, https:\/\/alkyon-hvac.gr\/wp-content\/uploads\/2023\/10\/pool-new-p3-web90-768x215.webp 768w, https:\/\/alkyon-hvac.gr\/wp-content\/uploads\/2023\/10\/pool-new-p3-web90-1536x431.webp 1536w\" sizes=\"(max-width: 1921px) 100vw, 1921px\" \/>\t\t\t\t\t\t\n\t\t\t\t\t<\/div>\n\t\t\t\t\t\t\t\t\n<style>\n#image_1059138120 {\n  width: 100%;\n}\n<\/style>\n\t<\/div>\n\t\n\t\t<\/div>\n\t\t\t\t\n<style>\n#col-1354692152 > .col-inner {\n  margin: 0px 0px 0px 0px;\n}\n@media (min-width:850px) {\n  #col-1354692152 > .col-inner {\n    margin: -300px 0px 0px 0px;\n  }\n}\n<\/style>\n\t<\/div>\n\n\t\n\n<style>\n#row-909009698 > .col > .col-inner {\n  padding: 50px 0px 0px 0px;\n}\n<\/style>\n<\/div>\n\n\n\t\t<\/div>\n\n\t\t\n<style>\n#section_1492134034 {\n  padding-top: 30px;\n  padding-bottom: 30px;\n}\n<\/style>\n\t<\/section>\n\t\n","protected":false},"excerpt":{"rendered":"","protected":false},"author":3,"featured_media":0,"parent":0,"menu_order":0,"comment_status":"closed","ping_status":"closed","template":"page-transparent-header.php","meta":{"footnotes":""},"categories":[],"tags":[],"class_list":["post-4692","page","type-page","status-publish","hentry"],"yoast_head":"<!-- This site is optimized with the Yoast SEO plugin v23.8 - https:\/\/yoast.com\/wordpress\/plugins\/seo\/ -->\n<title>Pishina - Alkyon<\/title>\n<meta name=\"robots\" content=\"index, follow, max-snippet:-1, max-image-preview:large, max-video-preview:-1\" \/>\n<link rel=\"canonical\" href=\"https:\/\/alkyon-hvac.gr\/sq\/pishina\/\" \/>\n<meta property=\"og:locale\" content=\"sq_AL\" \/>\n<meta property=\"og:type\" content=\"article\" \/>\n<meta property=\"og:title\" content=\"Pishina - Alkyon\" \/>\n<meta property=\"og:url\" content=\"https:\/\/alkyon-hvac.gr\/sq\/pishina\/\" \/>\n<meta property=\"og:site_name\" content=\"Alkyon\" \/>\n<meta property=\"article:publisher\" content=\"https:\/\/www.facebook.com\/people\/Alkyon\/61551012127534\/\" \/>\n<meta property=\"article:modified_time\" content=\"2024-06-06T09:53:16+00:00\" \/>\n<meta name=\"twitter:card\" content=\"summary_large_image\" \/>\n<meta name=\"twitter:label1\" content=\"Est. reading time\" \/>\n\t<meta name=\"twitter:data1\" content=\"6 minutes\" \/>\n<script type=\"application\/ld+json\" class=\"yoast-schema-graph\">{\"@context\":\"https:\/\/schema.org\",\"@graph\":[{\"@type\":\"WebPage\",\"@id\":\"https:\/\/alkyon-hvac.gr\/sq\/pishina\/\",\"url\":\"https:\/\/alkyon-hvac.gr\/sq\/pishina\/\",\"name\":\"Pishina - Alkyon\",\"isPartOf\":{\"@id\":\"https:\/\/alkyon-hvac.gr\/#website\"},\"datePublished\":\"2023-09-05T11:58:26+00:00\",\"dateModified\":\"2024-06-06T09:53:16+00:00\",\"breadcrumb\":{\"@id\":\"https:\/\/alkyon-hvac.gr\/sq\/pishina\/#breadcrumb\"},\"inLanguage\":\"sq-AL\",\"potentialAction\":[{\"@type\":\"ReadAction\",\"target\":[\"https:\/\/alkyon-hvac.gr\/sq\/pishina\/\"]}]},{\"@type\":\"BreadcrumbList\",\"@id\":\"https:\/\/alkyon-hvac.gr\/sq\/pishina\/#breadcrumb\",\"itemListElement\":[{\"@type\":\"ListItem\",\"position\":1,\"name\":\"\u0391\u03c1\u03c7\u03b9\u03ba\u03ae\",\"item\":\"https:\/\/alkyon-hvac.gr\/sq\/\"},{\"@type\":\"ListItem\",\"position\":2,\"name\":\"Pishina\"}]},{\"@type\":\"WebSite\",\"@id\":\"https:\/\/alkyon-hvac.gr\/#website\",\"url\":\"https:\/\/alkyon-hvac.gr\/\",\"name\":\"Alkyon\",\"description\":\"Clima Comfort Zone\",\"publisher\":{\"@id\":\"https:\/\/alkyon-hvac.gr\/#organization\"},\"potentialAction\":[{\"@type\":\"SearchAction\",\"target\":{\"@type\":\"EntryPoint\",\"urlTemplate\":\"https:\/\/alkyon-hvac.gr\/?s={search_term_string}\"},\"query-input\":{\"@type\":\"PropertyValueSpecification\",\"valueRequired\":true,\"valueName\":\"search_term_string\"}}],\"inLanguage\":\"sq-AL\"},{\"@type\":\"Organization\",\"@id\":\"https:\/\/alkyon-hvac.gr\/#organization\",\"name\":\"Alkyon SA\",\"url\":\"https:\/\/alkyon-hvac.gr\/\",\"logo\":{\"@type\":\"ImageObject\",\"inLanguage\":\"sq-AL\",\"@id\":\"https:\/\/alkyon-hvac.gr\/#\/schema\/logo\/image\/\",\"url\":\"https:\/\/alkyon-hvac.gr\/wp-content\/uploads\/2023\/10\/favicon-blue-alkyon.png\",\"contentUrl\":\"https:\/\/alkyon-hvac.gr\/wp-content\/uploads\/2023\/10\/favicon-blue-alkyon.png\",\"width\":58,\"height\":58,\"caption\":\"Alkyon SA\"},\"image\":{\"@id\":\"https:\/\/alkyon-hvac.gr\/#\/schema\/logo\/image\/\"},\"sameAs\":[\"https:\/\/www.facebook.com\/people\/Alkyon\/61551012127534\/\",\"https:\/\/www.instagram.com\/alkyon_hvac\/\"]}]}<\/script>\n<!-- \/ Yoast SEO plugin. -->","yoast_head_json":{"title":"Pishina - Alkyon","robots":{"index":"index","follow":"follow","max-snippet":"max-snippet:-1","max-image-preview":"max-image-preview:large","max-video-preview":"max-video-preview:-1"},"canonical":"https:\/\/alkyon-hvac.gr\/sq\/pishina\/","og_locale":"sq_AL","og_type":"article","og_title":"Pishina - Alkyon","og_url":"https:\/\/alkyon-hvac.gr\/sq\/pishina\/","og_site_name":"Alkyon","article_publisher":"https:\/\/www.facebook.com\/people\/Alkyon\/61551012127534\/","article_modified_time":"2024-06-06T09:53:16+00:00","twitter_card":"summary_large_image","twitter_misc":{"Est. reading time":"6 minutes"},"schema":{"@context":"https:\/\/schema.org","@graph":[{"@type":"WebPage","@id":"https:\/\/alkyon-hvac.gr\/sq\/pishina\/","url":"https:\/\/alkyon-hvac.gr\/sq\/pishina\/","name":"Pishina - Alkyon","isPartOf":{"@id":"https:\/\/alkyon-hvac.gr\/#website"},"datePublished":"2023-09-05T11:58:26+00:00","dateModified":"2024-06-06T09:53:16+00:00","breadcrumb":{"@id":"https:\/\/alkyon-hvac.gr\/sq\/pishina\/#breadcrumb"},"inLanguage":"sq-AL","potentialAction":[{"@type":"ReadAction","target":["https:\/\/alkyon-hvac.gr\/sq\/pishina\/"]}]},{"@type":"BreadcrumbList","@id":"https:\/\/alkyon-hvac.gr\/sq\/pishina\/#breadcrumb","itemListElement":[{"@type":"ListItem","position":1,"name":"\u0391\u03c1\u03c7\u03b9\u03ba\u03ae","item":"https:\/\/alkyon-hvac.gr\/sq\/"},{"@type":"ListItem","position":2,"name":"Pishina"}]},{"@type":"WebSite","@id":"https:\/\/alkyon-hvac.gr\/#website","url":"https:\/\/alkyon-hvac.gr\/","name":"Alkyon","description":"Clima Comfort Zone","publisher":{"@id":"https:\/\/alkyon-hvac.gr\/#organization"},"potentialAction":[{"@type":"SearchAction","target":{"@type":"EntryPoint","urlTemplate":"https:\/\/alkyon-hvac.gr\/?s={search_term_string}"},"query-input":{"@type":"PropertyValueSpecification","valueRequired":true,"valueName":"search_term_string"}}],"inLanguage":"sq-AL"},{"@type":"Organization","@id":"https:\/\/alkyon-hvac.gr\/#organization","name":"Alkyon SA","url":"https:\/\/alkyon-hvac.gr\/","logo":{"@type":"ImageObject","inLanguage":"sq-AL","@id":"https:\/\/alkyon-hvac.gr\/#\/schema\/logo\/image\/","url":"https:\/\/alkyon-hvac.gr\/wp-content\/uploads\/2023\/10\/favicon-blue-alkyon.png","contentUrl":"https:\/\/alkyon-hvac.gr\/wp-content\/uploads\/2023\/10\/favicon-blue-alkyon.png","width":58,"height":58,"caption":"Alkyon SA"},"image":{"@id":"https:\/\/alkyon-hvac.gr\/#\/schema\/logo\/image\/"},"sameAs":["https:\/\/www.facebook.com\/people\/Alkyon\/61551012127534\/","https:\/\/www.instagram.com\/alkyon_hvac\/"]}]}},"_links":{"self":[{"href":"https:\/\/alkyon-hvac.gr\/sq\/wp-json\/wp\/v2\/pages\/4692","targetHints":{"allow":["GET"]}}],"collection":[{"href":"https:\/\/alkyon-hvac.gr\/sq\/wp-json\/wp\/v2\/pages"}],"about":[{"href":"https:\/\/alkyon-hvac.gr\/sq\/wp-json\/wp\/v2\/types\/page"}],"author":[{"embeddable":true,"href":"https:\/\/alkyon-hvac.gr\/sq\/wp-json\/wp\/v2\/users\/3"}],"replies":[{"embeddable":true,"href":"https:\/\/alkyon-hvac.gr\/sq\/wp-json\/wp\/v2\/comments?post=4692"}],"version-history":[{"count":3,"href":"https:\/\/alkyon-hvac.gr\/sq\/wp-json\/wp\/v2\/pages\/4692\/revisions"}],"predecessor-version":[{"id":5948,"href":"https:\/\/alkyon-hvac.gr\/sq\/wp-json\/wp\/v2\/pages\/4692\/revisions\/5948"}],"wp:attachment":[{"href":"https:\/\/alkyon-hvac.gr\/sq\/wp-json\/wp\/v2\/media?parent=4692"}],"wp:term":[{"taxonomy":"category","embeddable":true,"href":"https:\/\/alkyon-hvac.gr\/sq\/wp-json\/wp\/v2\/categories?post=4692"},{"taxonomy":"post_tag","embeddable":true,"href":"https:\/\/alkyon-hvac.gr\/sq\/wp-json\/wp\/v2\/tags?post=4692"}],"curies":[{"name":"wp","href":"https:\/\/api.w.org\/{rel}","templated":true}]}}