{"id":4675,"date":"2023-06-20T23:37:57","date_gmt":"2023-06-20T20:37:57","guid":{"rendered":"https:\/\/alkyon-hvac.gr\/kontaktoni\/"},"modified":"2026-04-28T13:34:31","modified_gmt":"2026-04-28T10:34:31","slug":"kontaktoni","status":"publish","type":"page","link":"https:\/\/alkyon-hvac.gr\/sq\/kontaktoni\/","title":{"rendered":"Kontaktoni"},"content":{"rendered":"\t<section class=\"section hide-for-small\" id=\"section_1389225901\">\n\t\t<div class=\"bg section-bg fill bg-fill bg-loaded \" >\n\n\t\t\t\n\t\t\t\n\t\t\t\n\n\t\t<\/div>\n\n\t\t\n\n\t\t<div class=\"section-content relative\">\n\t\t\t\n<div class=\"row align-center\"  id=\"row-1211330911\">\n\n\t<div id=\"col-658229477\" class=\"col medium-6 small-12 large-6\"  >\n\t\t\t\t<div class=\"col-inner text-center\"  >\n\t\t\t\n\t\t\t\n\t<div id=\"text-2326004195\" class=\"text\">\n\t\t\n<h2 class=\"cera-pro-black\" style=\"margin-top: 120px\">NA KONTAKTONI<\/h2>\n\t\t\n<style>\n#text-2326004195 {\n  font-size: 1.45rem;\n  color: rgb(255, 255, 255);\n}\n#text-2326004195 > * {\n  color: rgb(255, 255, 255);\n}\n<\/style>\n\t<\/div>\n\t\n\t<div id=\"gap-1850381432\" class=\"gap-element clearfix\" style=\"display:block; height:auto;\">\n\t\t\n<style>\n#gap-1850381432 {\n  padding-top: 300px;\n}\n<\/style>\n\t<\/div>\n\t\n\t\t<\/div>\n\t\t\t\t\t<\/div>\n\n\t\n<\/div>\n\t\t<\/div>\n\n\t\t\n<style>\n#section_1389225901 {\n  padding-top: 30px;\n  padding-bottom: 30px;\n  min-height: 800px;\n}\n#section_1389225901 .section-bg.bg-loaded {\n  background-image: url(https:\/\/alkyon-hvac.gr\/wp-content\/uploads\/2023\/10\/contact-web100.webp);\n}\n#section_1389225901 .section-bg {\n  background-position: 38% 0%;\n}\n<\/style>\n\t<\/section>\n\t\n\t<section class=\"section show-for-small\" id=\"section_1497740502\">\n\t\t<div class=\"bg section-bg fill bg-fill bg-loaded \" >\n\n\t\t\t\n\t\t\t\n\t\t\t\n\n\t\t<\/div>\n\n\t\t\n\n\t\t<div class=\"section-content relative\">\n\t\t\t\n<div class=\"row\"  id=\"row-233962919\">\n\n\t<div id=\"col-364686526\" class=\"col medium-6 small-12 large-6\"  >\n\t\t\t\t<div class=\"col-inner text-center\"  >\n\t\t\t\n\t\t\t\n\t<div id=\"text-3336014184\" class=\"text\">\n\t\t\n<h2 class=\"cera-pro-black\">NA KONTAKTONI<\/h2>\n\t\t\n<style>\n#text-3336014184 {\n  font-size: 1.45rem;\n  color: rgb(255, 255, 255);\n}\n#text-3336014184 > * {\n  color: rgb(255, 255, 255);\n}\n<\/style>\n\t<\/div>\n\t\n\t<div id=\"gap-1974205906\" class=\"gap-element clearfix\" style=\"display:block; height:auto;\">\n\t\t\n<style>\n#gap-1974205906 {\n  padding-top: 300px;\n}\n<\/style>\n\t<\/div>\n\t\n\t\t<\/div>\n\t\t\t\t\t<\/div>\n\n\t\n<\/div>\n\t\t<\/div>\n\n\t\t\n<style>\n#section_1497740502 {\n  padding-top: 30px;\n  padding-bottom: 30px;\n  min-height: 800px;\n}\n#section_1497740502 .section-bg.bg-loaded {\n  background-image: url(https:\/\/alkyon-hvac.gr\/wp-content\/uploads\/2023\/10\/contact-web100-alt2.webp);\n}\n#section_1497740502 .section-bg {\n  background-position: 56% 0%;\n}\n@media (min-width:550px) {\n  #section_1497740502 {\n    min-height: 800px;\n  }\n}\n<\/style>\n\t<\/section>\n\t\n\t<section class=\"section\" id=\"section_271437819\">\n\t\t<div class=\"bg section-bg fill bg-fill bg-loaded \" >\n\n\t\t\t\n\t\t\t\n\t\t\t\n\n\t\t<\/div>\n\n\t\t\n\n\t\t<div class=\"section-content relative\">\n\t\t\t\n<div class=\"row align-center\"  id=\"row-846266225\">\n\n\t<div id=\"col-1088724391\" class=\"col medium-4 small-12 large-4\"  >\n\t\t\t\t<div class=\"col-inner text-center\"  >\n\t\t\t\n\t\t\t\n\t<div class=\"img has-hover x md-x lg-x y md-y lg-y\" id=\"image_1262466019\">\n\t\t\t\t\t\t\t\t<div class=\"img-inner dark\" >\n\t\t\t<img decoding=\"async\" width=\"207\" height=\"215\" src=\"https:\/\/alkyon-hvac.gr\/wp-content\/uploads\/2023\/06\/Asset-159.png\" class=\"attachment-original size-original\" alt=\"\" \/>\t\t\t\t\t\t\n\t\t\t\t\t<\/div>\n\t\t\t\t\t\t\t\t\n<style>\n#image_1262466019 {\n  width: 44%;\n}\n<\/style>\n\t<\/div>\n\t\n\t\t<\/div>\n\t\t\t\t\n<style>\n#col-1088724391 > .col-inner {\n  margin: -90px 0px 0px 0px;\n}\n@media (min-width:850px) {\n  #col-1088724391 > .col-inner {\n    margin: -120px 0px 0px 0px;\n  }\n}\n<\/style>\n\t<\/div>\n\n\t\n<\/div>\n<div class=\"row align-center\"  id=\"row-1612866599\">\n\n\t<div id=\"col-832786246\" class=\"col small-12 large-12\"  >\n\t\t\t\t<div class=\"col-inner\"  >\n\t\t\t\n\t\t\t\n\t<div id=\"text-2015122174\" class=\"text\">\n\t\t\n<p>Ju lutemi na kontaktoni dhe nj\u00eb nga bashk\u00ebpun\u00ebtor\u00ebt tan\u00eb<br \/>do t&#8217;ju kontaktoj\u00eb menj\u00ebher\u00eb<\/p>\n\t\t\n<style>\n#text-2015122174 {\n  font-size: 1rem;\n  text-align: center;\n}\n<\/style>\n\t<\/div>\n\t\n\t\t<\/div>\n\t\t\t\t\t<\/div>\n\n\t\n\n\t<div id=\"col-1764000589\" class=\"col medium-6 small-12 large-6\"  >\n\t\t\t\t<div class=\"col-inner text-center\"  >\n\t\t\t\n\t\t\t\n\n<div class=\"wpcf7 no-js\" id=\"wpcf7-f5530-o1\" lang=\"el\" dir=\"ltr\" data-wpcf7-id=\"5530\">\n<div class=\"screen-reader-response\"><p role=\"status\" aria-live=\"polite\" aria-atomic=\"true\"><\/p> <ul><\/ul><\/div>\n<form action=\"\/sq\/wp-json\/wp\/v2\/pages\/4675#wpcf7-f5530-o1\" method=\"post\" class=\"wpcf7-form init\" aria-label=\"Contact form\" novalidate=\"novalidate\" data-status=\"init\">\n<div style=\"display: none;\">\n<input type=\"hidden\" name=\"_wpcf7\" value=\"5530\" \/>\n<input type=\"hidden\" name=\"_wpcf7_version\" value=\"6.0\" \/>\n<input type=\"hidden\" name=\"_wpcf7_locale\" value=\"el\" \/>\n<input type=\"hidden\" name=\"_wpcf7_unit_tag\" value=\"wpcf7-f5530-o1\" \/>\n<input type=\"hidden\" name=\"_wpcf7_container_post\" value=\"0\" \/>\n<input type=\"hidden\" name=\"_wpcf7_posted_data_hash\" value=\"\" \/>\n<\/div>\n<div class=\"content-column one_half\">\n\t<div style=\"padding:\"0;\">\n\t\t<p><label> EMRI<br \/>\n<span class=\"wpcf7-form-control-wrap\" data-name=\"your-name\"><input size=\"40\" maxlength=\"400\" class=\"wpcf7-form-control wpcf7-text wpcf7-validates-as-required\" autocomplete=\"name\" aria-required=\"true\" aria-invalid=\"false\" value=\"\" type=\"text\" name=\"your-name\" \/><\/span> <\/label>\n\t\t<\/p>\n\t<\/div>\n<\/div>\n<div class=\"content-column one_half\">\n\t<div style=\"padding:\"0;\">\n\t\t<p><label> MBIEMRI<br \/>\n<span class=\"wpcf7-form-control-wrap\" data-name=\"your-fullname\"><input size=\"40\" maxlength=\"400\" class=\"wpcf7-form-control wpcf7-text wpcf7-validates-as-required\" autocomplete=\"name\" aria-required=\"true\" aria-invalid=\"false\" value=\"\" type=\"text\" name=\"your-fullname\" \/><\/span> <\/label>\n\t\t<\/p>\n\t<\/div>\n<\/div>\n<div class=\"content-column one_half\">\n\t<div style=\"padding:\"0;\">\n\t\t<p><label> NUMRI I TELEFONIT<br \/>\n<span class=\"wpcf7-form-control-wrap\" data-name=\"your-fullname\"><input size=\"40\" maxlength=\"400\" class=\"wpcf7-form-control wpcf7-text wpcf7-validates-as-required\" autocomplete=\"name\" aria-required=\"true\" aria-invalid=\"false\" value=\"\" type=\"text\" name=\"your-fullname\" \/><\/span> <\/label>\n\t\t<\/p>\n\t<\/div>\n<\/div>\n<div class=\"content-column one_half\">\n\t<div style=\"padding:\"0;\">\n\t\t<p><label> ADRESA E EMAIL<br \/>\n<span class=\"wpcf7-form-control-wrap\" data-name=\"your-email\"><input size=\"40\" maxlength=\"400\" class=\"wpcf7-form-control wpcf7-email wpcf7-validates-as-required wpcf7-text wpcf7-validates-as-email\" autocomplete=\"email\" aria-required=\"true\" aria-invalid=\"false\" value=\"\" type=\"email\" name=\"your-email\" \/><\/span> <\/label>\n\t\t<\/p>\n\t<\/div>\n<\/div>\n<div class=\"content-column one_half\">\n\t<div style=\"padding:\"0;\">\n\t\t<p><label> VENDI<br \/>\n<span class=\"wpcf7-form-control-wrap\" data-name=\"your-fullname\"><input size=\"40\" maxlength=\"400\" class=\"wpcf7-form-control wpcf7-text wpcf7-validates-as-required\" autocomplete=\"name\" aria-required=\"true\" aria-invalid=\"false\" value=\"\" type=\"text\" name=\"your-fullname\" \/><\/span> <\/label>\n\t\t<\/p>\n\t<\/div>\n<\/div>\n<div class=\"content-column one_half\">\n\t<div style=\"padding:\"0;\">\n\t\t<p><label> ZONA<br \/>\n<span class=\"wpcf7-form-control-wrap\" data-name=\"your-fullname\"><input size=\"40\" maxlength=\"400\" class=\"wpcf7-form-control wpcf7-text wpcf7-validates-as-required\" autocomplete=\"name\" aria-required=\"true\" aria-invalid=\"false\" value=\"\" type=\"text\" name=\"your-fullname\" \/><\/span> <\/label>\n\t\t<\/p>\n\t<\/div>\n<\/div>\n<p><label> MESAZHI JUAJ<br \/>\n<span class=\"wpcf7-form-control-wrap\" data-name=\"your-message\"><textarea cols=\"40\" rows=\"10\" maxlength=\"2000\" class=\"wpcf7-form-control wpcf7-textarea\" aria-invalid=\"false\" name=\"your-message\"><\/textarea><\/span> <\/label>\n<\/p>\n<p><input class=\"wpcf7-form-control wpcf7-submit has-spinner\" type=\"submit\" value=\"D\u00cbRGO\" \/>\n<\/p><div class=\"wpcf7-response-output\" aria-hidden=\"true\"><\/div>\n<\/form>\n<\/div>\n\n\t\t<\/div>\n\t\t\t\t\t<\/div>\n\n\t\n<\/div>\n\t\t<\/div>\n\n\t\t\n<style>\n#section_271437819 {\n  padding-top: 30px;\n  padding-bottom: 30px;\n}\n#section_271437819 .section-bg.bg-loaded {\n  background-image: url(https:\/\/alkyon-hvac.gr\/wp-content\/uploads\/2023\/06\/Asset-267.png);\n}\n#section_271437819 .section-bg {\n  background-position: 46% 0%;\n}\n<\/style>\n\t<\/section>\n\t\n","protected":false},"excerpt":{"rendered":"","protected":false},"author":3,"featured_media":0,"parent":0,"menu_order":0,"comment_status":"closed","ping_status":"closed","template":"page-transparent-header.php","meta":{"footnotes":""},"categories":[],"tags":[],"class_list":["post-4675","page","type-page","status-publish","hentry"],"yoast_head":"<!-- This site is optimized with the Yoast SEO plugin v23.8 - https:\/\/yoast.com\/wordpress\/plugins\/seo\/ -->\n<title>Kontaktoni - Alkyon<\/title>\n<meta name=\"robots\" content=\"index, follow, max-snippet:-1, max-image-preview:large, max-video-preview:-1\" \/>\n<link rel=\"canonical\" href=\"https:\/\/alkyon-hvac.gr\/sq\/kontaktoni\/\" \/>\n<meta property=\"og:locale\" content=\"sq_AL\" \/>\n<meta property=\"og:type\" content=\"article\" \/>\n<meta property=\"og:title\" content=\"Kontaktoni - Alkyon\" \/>\n<meta property=\"og:url\" content=\"https:\/\/alkyon-hvac.gr\/sq\/kontaktoni\/\" \/>\n<meta property=\"og:site_name\" content=\"Alkyon\" \/>\n<meta property=\"article:publisher\" content=\"https:\/\/www.facebook.com\/people\/Alkyon\/61551012127534\/\" \/>\n<meta property=\"article:modified_time\" content=\"2026-04-28T10:34:31+00:00\" \/>\n<meta name=\"twitter:card\" content=\"summary_large_image\" \/>\n<meta name=\"twitter:label1\" content=\"Est. reading time\" \/>\n\t<meta name=\"twitter:data1\" content=\"1 minute\" \/>\n<script type=\"application\/ld+json\" class=\"yoast-schema-graph\">{\"@context\":\"https:\/\/schema.org\",\"@graph\":[{\"@type\":\"WebPage\",\"@id\":\"https:\/\/alkyon-hvac.gr\/sq\/kontaktoni\/\",\"url\":\"https:\/\/alkyon-hvac.gr\/sq\/kontaktoni\/\",\"name\":\"Kontaktoni - Alkyon\",\"isPartOf\":{\"@id\":\"https:\/\/alkyon-hvac.gr\/#website\"},\"datePublished\":\"2023-06-20T20:37:57+00:00\",\"dateModified\":\"2026-04-28T10:34:31+00:00\",\"breadcrumb\":{\"@id\":\"https:\/\/alkyon-hvac.gr\/sq\/kontaktoni\/#breadcrumb\"},\"inLanguage\":\"sq-AL\",\"potentialAction\":[{\"@type\":\"ReadAction\",\"target\":[\"https:\/\/alkyon-hvac.gr\/sq\/kontaktoni\/\"]}]},{\"@type\":\"BreadcrumbList\",\"@id\":\"https:\/\/alkyon-hvac.gr\/sq\/kontaktoni\/#breadcrumb\",\"itemListElement\":[{\"@type\":\"ListItem\",\"position\":1,\"name\":\"\u0391\u03c1\u03c7\u03b9\u03ba\u03ae\",\"item\":\"https:\/\/alkyon-hvac.gr\/sq\/\"},{\"@type\":\"ListItem\",\"position\":2,\"name\":\"Kontaktoni\"}]},{\"@type\":\"WebSite\",\"@id\":\"https:\/\/alkyon-hvac.gr\/#website\",\"url\":\"https:\/\/alkyon-hvac.gr\/\",\"name\":\"Alkyon\",\"description\":\"Clima Comfort Zone\",\"publisher\":{\"@id\":\"https:\/\/alkyon-hvac.gr\/#organization\"},\"potentialAction\":[{\"@type\":\"SearchAction\",\"target\":{\"@type\":\"EntryPoint\",\"urlTemplate\":\"https:\/\/alkyon-hvac.gr\/?s={search_term_string}\"},\"query-input\":{\"@type\":\"PropertyValueSpecification\",\"valueRequired\":true,\"valueName\":\"search_term_string\"}}],\"inLanguage\":\"sq-AL\"},{\"@type\":\"Organization\",\"@id\":\"https:\/\/alkyon-hvac.gr\/#organization\",\"name\":\"Alkyon SA\",\"url\":\"https:\/\/alkyon-hvac.gr\/\",\"logo\":{\"@type\":\"ImageObject\",\"inLanguage\":\"sq-AL\",\"@id\":\"https:\/\/alkyon-hvac.gr\/#\/schema\/logo\/image\/\",\"url\":\"https:\/\/alkyon-hvac.gr\/wp-content\/uploads\/2023\/10\/favicon-blue-alkyon.png\",\"contentUrl\":\"https:\/\/alkyon-hvac.gr\/wp-content\/uploads\/2023\/10\/favicon-blue-alkyon.png\",\"width\":58,\"height\":58,\"caption\":\"Alkyon SA\"},\"image\":{\"@id\":\"https:\/\/alkyon-hvac.gr\/#\/schema\/logo\/image\/\"},\"sameAs\":[\"https:\/\/www.facebook.com\/people\/Alkyon\/61551012127534\/\",\"https:\/\/www.instagram.com\/alkyon_hvac\/\"]}]}<\/script>\n<!-- \/ Yoast SEO plugin. -->","yoast_head_json":{"title":"Kontaktoni - Alkyon","robots":{"index":"index","follow":"follow","max-snippet":"max-snippet:-1","max-image-preview":"max-image-preview:large","max-video-preview":"max-video-preview:-1"},"canonical":"https:\/\/alkyon-hvac.gr\/sq\/kontaktoni\/","og_locale":"sq_AL","og_type":"article","og_title":"Kontaktoni - Alkyon","og_url":"https:\/\/alkyon-hvac.gr\/sq\/kontaktoni\/","og_site_name":"Alkyon","article_publisher":"https:\/\/www.facebook.com\/people\/Alkyon\/61551012127534\/","article_modified_time":"2026-04-28T10:34:31+00:00","twitter_card":"summary_large_image","twitter_misc":{"Est. reading time":"1 minute"},"schema":{"@context":"https:\/\/schema.org","@graph":[{"@type":"WebPage","@id":"https:\/\/alkyon-hvac.gr\/sq\/kontaktoni\/","url":"https:\/\/alkyon-hvac.gr\/sq\/kontaktoni\/","name":"Kontaktoni - Alkyon","isPartOf":{"@id":"https:\/\/alkyon-hvac.gr\/#website"},"datePublished":"2023-06-20T20:37:57+00:00","dateModified":"2026-04-28T10:34:31+00:00","breadcrumb":{"@id":"https:\/\/alkyon-hvac.gr\/sq\/kontaktoni\/#breadcrumb"},"inLanguage":"sq-AL","potentialAction":[{"@type":"ReadAction","target":["https:\/\/alkyon-hvac.gr\/sq\/kontaktoni\/"]}]},{"@type":"BreadcrumbList","@id":"https:\/\/alkyon-hvac.gr\/sq\/kontaktoni\/#breadcrumb","itemListElement":[{"@type":"ListItem","position":1,"name":"\u0391\u03c1\u03c7\u03b9\u03ba\u03ae","item":"https:\/\/alkyon-hvac.gr\/sq\/"},{"@type":"ListItem","position":2,"name":"Kontaktoni"}]},{"@type":"WebSite","@id":"https:\/\/alkyon-hvac.gr\/#website","url":"https:\/\/alkyon-hvac.gr\/","name":"Alkyon","description":"Clima Comfort Zone","publisher":{"@id":"https:\/\/alkyon-hvac.gr\/#organization"},"potentialAction":[{"@type":"SearchAction","target":{"@type":"EntryPoint","urlTemplate":"https:\/\/alkyon-hvac.gr\/?s={search_term_string}"},"query-input":{"@type":"PropertyValueSpecification","valueRequired":true,"valueName":"search_term_string"}}],"inLanguage":"sq-AL"},{"@type":"Organization","@id":"https:\/\/alkyon-hvac.gr\/#organization","name":"Alkyon SA","url":"https:\/\/alkyon-hvac.gr\/","logo":{"@type":"ImageObject","inLanguage":"sq-AL","@id":"https:\/\/alkyon-hvac.gr\/#\/schema\/logo\/image\/","url":"https:\/\/alkyon-hvac.gr\/wp-content\/uploads\/2023\/10\/favicon-blue-alkyon.png","contentUrl":"https:\/\/alkyon-hvac.gr\/wp-content\/uploads\/2023\/10\/favicon-blue-alkyon.png","width":58,"height":58,"caption":"Alkyon SA"},"image":{"@id":"https:\/\/alkyon-hvac.gr\/#\/schema\/logo\/image\/"},"sameAs":["https:\/\/www.facebook.com\/people\/Alkyon\/61551012127534\/","https:\/\/www.instagram.com\/alkyon_hvac\/"]}]}},"_links":{"self":[{"href":"https:\/\/alkyon-hvac.gr\/sq\/wp-json\/wp\/v2\/pages\/4675","targetHints":{"allow":["GET"]}}],"collection":[{"href":"https:\/\/alkyon-hvac.gr\/sq\/wp-json\/wp\/v2\/pages"}],"about":[{"href":"https:\/\/alkyon-hvac.gr\/sq\/wp-json\/wp\/v2\/types\/page"}],"author":[{"embeddable":true,"href":"https:\/\/alkyon-hvac.gr\/sq\/wp-json\/wp\/v2\/users\/3"}],"replies":[{"embeddable":true,"href":"https:\/\/alkyon-hvac.gr\/sq\/wp-json\/wp\/v2\/comments?post=4675"}],"version-history":[{"count":7,"href":"https:\/\/alkyon-hvac.gr\/sq\/wp-json\/wp\/v2\/pages\/4675\/revisions"}],"predecessor-version":[{"id":6652,"href":"https:\/\/alkyon-hvac.gr\/sq\/wp-json\/wp\/v2\/pages\/4675\/revisions\/6652"}],"wp:attachment":[{"href":"https:\/\/alkyon-hvac.gr\/sq\/wp-json\/wp\/v2\/media?parent=4675"}],"wp:term":[{"taxonomy":"category","embeddable":true,"href":"https:\/\/alkyon-hvac.gr\/sq\/wp-json\/wp\/v2\/categories?post=4675"},{"taxonomy":"post_tag","embeddable":true,"href":"https:\/\/alkyon-hvac.gr\/sq\/wp-json\/wp\/v2\/tags?post=4675"}],"curies":[{"name":"wp","href":"https:\/\/api.w.org\/{rel}","templated":true}]}}