{"id":4648,"date":"2023-09-27T19:23:09","date_gmt":"2023-09-27T16:23:09","guid":{"rendered":"https:\/\/alkyon-hvac.gr\/kaldaja-me-gaz\/"},"modified":"2024-06-06T12:55:55","modified_gmt":"2024-06-06T09:55:55","slug":"kaldaja-me-gaz","status":"publish","type":"page","link":"https:\/\/alkyon-hvac.gr\/sq\/kaldaja-me-gaz\/","title":{"rendered":"Kaldaja me gaz"},"content":{"rendered":"\t<section class=\"section\" id=\"section_843543767\">\n\t\t<div class=\"bg section-bg fill bg-fill bg-loaded \" >\n\n\t\t\t\n\t\t\t\n\t\t\t\n\n\t\t<\/div>\n\n\t\t\n\n\t\t<div class=\"section-content relative\">\n\t\t\t\n\t<div id=\"gap-839860881\" class=\"gap-element clearfix fancoil-gap\" style=\"display:block; height:auto;\">\n\t\t\n<style>\n#gap-839860881 {\n  padding-top: 140px;\n}\n@media (min-width:550px) {\n  #gap-839860881 {\n    padding-top: 200px;\n  }\n}\n<\/style>\n\t<\/div>\n\t\n<div class=\"row align-center\"  id=\"row-878409461\">\n\n\t<div id=\"col-1523333892\" class=\"col hide-for-small medium-1 small-12 large-1\"  >\n\t\t\t\t<div class=\"col-inner\"  >\n\t\t\t\n\t\t\t\n\t\t<\/div>\n\t\t\t\t\t<\/div>\n\n\t\n\n\t<div id=\"col-1341334270\" class=\"col medium-10 small-11 large-10\"  >\n\t\t\t\t<div class=\"col-inner text-center\"  >\n\t\t\t\n\t\t\t\n\t<div id=\"text-3159826133\" class=\"text\">\n\t\t\n<h3 class=\"cera-pro-bold\" style=\"color: #1f285a;\">Kaldaja me gaz<\/h3>\n\t\t\n<style>\n#text-3159826133 {\n  font-size: 2rem;\n  text-align: left;\n}\n<\/style>\n\t<\/div>\n\t\n\t<div id=\"gap-847419670\" class=\"gap-element clearfix hide-for-small\" style=\"display:block; height:auto;\">\n\t\t\n<style>\n#gap-847419670 {\n  padding-top: 30px;\n}\n<\/style>\n\t<\/div>\n\t\n<div class=\"row hide-for-small\"  id=\"row-1991814905\">\n\n\t<div id=\"col-576504637\" class=\"col medium-6 small-12 large-6\"  >\n\t\t\t\t<div class=\"col-inner\"  >\n\t\t\t\n\t\t\t\n\t<div id=\"text-2722474212\" class=\"text\">\n\t\t\n<p>Gjithnj\u00eb e m\u00eb shum\u00eb zona po fitojn\u00eb akses n\u00eb rrjetin e gazit natyror, duke lejuar p\u00ebrdorimin e kaldajave efikase t\u00eb gazit me kondensim me dimensione t\u00eb vogla.<br \/>\nEdhe n\u00ebse rrjeti nuk ju mbulon ende, mund t\u00eb p\u00ebrdorni LPG.<br \/>\n\t\t\n<style>\n#text-2722474212 {\n  font-size: 1rem;\n  line-height: 1.25;\n  text-align: left;\n  color: rgb(88, 89, 91);\n}\n#text-2722474212 > * {\n  color: rgb(88, 89, 91);\n}\n<\/style>\n\t<\/div>\n\t\n\t\t<\/div>\n\t\t\t\t\t<\/div>\n\n\t\n\n\t<div id=\"col-417093560\" class=\"col medium-6 small-12 large-6\"  >\n\t\t\t\t<div class=\"col-inner\"  >\n\t\t\t\n\t\t\t\n\t<div id=\"text-4210500816\" class=\"text\">\n\t\t\n<p>Kaldaja me gaz zakonisht jan\u00eb t\u00eb llojit t\u00eb kombinuar (combi), dometh\u00ebn\u00eb mund t\u00eb ngrohin dhom\u00ebn dhe t\u00eb prodhojn\u00eb uj\u00eb t\u00eb nxeht\u00eb p\u00ebr p\u00ebrdorim.<br \/>\nProdhimi i ujit t\u00eb nxeht\u00eb \u00ebsht\u00eb i menj\u00ebhersh\u00ebm dhe nuk k\u00ebrkohet ruajtje n\u00eb nj\u00eb rezervuar, k\u00ebshtu q\u00eb ju kurseni hap\u00ebsir\u00eb.<br \/>\n\t\t\n<style>\n#text-4210500816 {\n  font-size: 1rem;\n  line-height: 1.25;\n  text-align: left;\n  color: rgb(88, 89, 91);\n}\n#text-4210500816 > * {\n  color: rgb(88, 89, 91);\n}\n<\/style>\n\t<\/div>\n\t\n\t\t<\/div>\n\t\t\t\t\t<\/div>\n\n\t\n<\/div>\n<div class=\"row row-collapse\"  id=\"row-983464390\">\n\n\t<div id=\"col-968674608\" class=\"col show-for-small medium-11 small-11 large-11\"  >\n\t\t\t\t<div class=\"col-inner text-left\"  >\n\t\t\t\n\t\t\t\n<div class=\"accordion accordion-in-category\">\n\t<div id=\"accordion-879590043\" class=\"accordion-item accordion-in-category\">\n\t\t<a id=\"accordion-879590043-label\" class=\"accordion-title plain\" href=\"#accordion-item-pse_t\u00eb_zgjidhni_nj\u00eb_kazan_me_gaz?\" aria-expanded=\"false\" aria-controls=\"accordion-879590043-content\" >\n\t\t\t<button class=\"toggle\" aria-label=\"Toggle\"><i class=\"icon-angle-down\"><\/i><\/button>\n\t\t\t<span>Pse t\u00eb zgjidhni nj\u00eb kazan me gaz?<\/span>\n\t\t<\/a>\n\t\t<div id=\"accordion-879590043-content\" class=\"accordion-inner\" aria-labelledby=\"accordion-879590043-label\" >\n\t\t\t\n\t<div id=\"text-1372877997\" class=\"text\">\n\t\t\n<p>Gjithnj\u00eb e m\u00eb shum\u00eb zona po fitojn\u00eb akses n\u00eb rrjetin e gazit natyror, duke lejuar p\u00ebrdorimin e kaldajave efikase t\u00eb gazit me kondensim me dimensione t\u00eb vogla.<br \/>\nEdhe n\u00ebse rrjeti nuk ju mbulon ende, mund t\u00eb p\u00ebrdorni LPG.<\/p>\n<p>Kaldaja me gaz zakonisht jan\u00eb t\u00eb llojit t\u00eb kombinuar (combi), dometh\u00ebn\u00eb mund t\u00eb ngrohin dhom\u00ebn dhe t\u00eb prodhojn\u00eb uj\u00eb t\u00eb nxeht\u00eb p\u00ebr p\u00ebrdorim.<br \/>\nProdhimi i ujit t\u00eb nxeht\u00eb \u00ebsht\u00eb i menj\u00ebhersh\u00ebm dhe nuk k\u00ebrkohet ruajtje n\u00eb nj\u00eb rezervuar, k\u00ebshtu q\u00eb ju kurseni hap\u00ebsir\u00eb.<br \/>\n\t\t\n<style>\n#text-1372877997 {\n  font-size: 1rem;\n  line-height: 1.25;\n  text-align: left;\n  color: rgb(88, 89, 91);\n}\n#text-1372877997 > * {\n  color: rgb(88, 89, 91);\n}\n<\/style>\n\t<\/div>\n\t\n\t\t<\/div>\n\t<\/div>\n\t\n<\/div>\n\t\t<\/div>\n\t\t\t\t\t<\/div>\n\n\t\n\n\t<div id=\"col-2062400084\" class=\"col medium-11 small-11 large-11\"  >\n\t\t\t\t<div class=\"col-inner text-left\"  >\n\t\t\t\n\t\t\t\n<div class=\"accordion accordion-in-category\">\n\t<div id=\"accordion-1658997402\" class=\"accordion-item accordion-in-category\">\n\t\t<a id=\"accordion-1658997402-label\" class=\"accordion-title plain\" href=\"#accordion-item-karakteristikat_e_r\u00ebnd\u00ebsishme\" aria-expanded=\"false\" aria-controls=\"accordion-1658997402-content\" >\n\t\t\t<button class=\"toggle\" aria-label=\"Toggle\"><i class=\"icon-angle-down\"><\/i><\/button>\n\t\t\t<span>Karakteristikat e r\u00ebnd\u00ebsishme<\/span>\n\t\t<\/a>\n\t\t<div id=\"accordion-1658997402-content\" class=\"accordion-inner\" aria-labelledby=\"accordion-1658997402-label\" >\n\t\t\t\n\t<div id=\"text-4059894742\" class=\"text\">\n\t\t\n<p><strong>Performanca<\/strong><br \/>\nEfikasiteti i nj\u00eb kazani me gaz ndryshon sipas fuqis\u00eb dhe temperatur\u00ebs s\u00eb k\u00ebrkuar t\u00eb ujit. Kaldaja arrin performanc\u00ebn optimale kur fuqia e k\u00ebrkuar zvog\u00eblohet dhe kur temperaturat e ujit jan\u00eb t\u00eb ul\u00ebta &#8211; si\u00e7 ndodh kur ndodh kondensimi.<\/p>\n<p><strong>Raporti i modulimit t\u00eb fuqis\u00eb<\/strong><br \/>\n P\u00ebr t\u00eb plot\u00ebsuar nevojat p\u00ebr uj\u00eb t\u00eb ngroht\u00eb sht\u00ebpiak dhe me p\u00ebrmir\u00ebsimin e izolimit t\u00eb nd\u00ebrtes\u00ebs, prodhimi maksimal i bojlerit \u00ebsht\u00eb, n\u00eb shumic\u00ebn e rasteve, duksh\u00ebm m\u00eb i madh se prodhimi i k\u00ebrkuar i ngrohjes s\u00eb hap\u00ebsir\u00ebs.<br \/>\nRaporti i modulimit shpreh se sa t\u00eb ul\u00ebt mund t\u00eb mbaj\u00eb nj\u00eb bojler prodhimin e tij.<br \/>\nFunksionimi i vazhduesh\u00ebm i bojlerit me fuqi t\u00eb ul\u00ebt ka shum\u00eb p\u00ebrpar\u00ebsi ndaj funksionimit t\u00eb nj\u00eb bojleri t\u00eb vjet\u00ebr me nd\u00ebrprerje, t\u00eb tilla si rritja e efikasitetit dhe jet\u00ebgjat\u00ebsia m\u00eb e gjat\u00eb e nj\u00ebsis\u00eb.<br \/>\n\t\t\n<style>\n#text-4059894742 {\n  font-size: 1rem;\n  line-height: 1.25;\n  text-align: left;\n  color: rgb(88, 89, 91);\n}\n#text-4059894742 > * {\n  color: rgb(88, 89, 91);\n}\n<\/style>\n\t<\/div>\n\t\n\t\t<\/div>\n\t<\/div>\n\t\n<\/div>\n\t\t<\/div>\n\t\t\t\t\t<\/div>\n\n\t\n<\/div>\n<div class=\"row row-collapse row-full-width\"  id=\"row-456238291\">\n\n\t<div id=\"col-858244211\" class=\"col medium-10 large-10\"  >\n\t\t\t\t<div class=\"col-inner\"  >\n\t\t\t\n\t\t\t\n\t<div id=\"text-2836902221\" class=\"text\">\n\t\t\n<p class=\"cera-pro-bold\"><span style=\"font-size: 120%; color: #1f285a;\">Kompania jon\u00eb, nj\u00eb nga t\u00eb parat q\u00eb ofron kaldaja me gaz n\u00eb Greqi, ka zgjedhur me kujdes nj\u00ebsi t\u00eb cil\u00ebsis\u00eb s\u00eb lart\u00eb me karakteristika q\u00eb bien n\u00eb sy!<\/span><\/p>\n\t\t\n<style>\n#text-2836902221 {\n  font-size: 1.1rem;\n  line-height: 1.25;\n  text-align: left;\n  color: rgb(88, 89, 91);\n}\n#text-2836902221 > * {\n  color: rgb(88, 89, 91);\n}\n<\/style>\n\t<\/div>\n\t\n\t\t<\/div>\n\t\t\t\t\t<\/div>\n\n\t\n<\/div>\n\t\t<\/div>\n\t\t\t\t\t<\/div>\n\n\t\n\n\t<div id=\"col-775318269\" class=\"col hide-for-small medium-1 small-12 large-1\"  >\n\t\t\t\t<div class=\"col-inner\"  >\n\t\t\t\n\t\t\t\n\t\t<\/div>\n\t\t\t\t\t<\/div>\n\n\t\n<\/div>\n<div class=\"row\"  id=\"row-439335705\">\n\n\t<div id=\"col-1295482074\" class=\"col hide-for-small medium-1 small-12 large-2\"  >\n\t\t\t\t<div class=\"col-inner\"  >\n\t\t\t\n\t\t\t\n\t\t<\/div>\n\t\t\t\t\t<\/div>\n\n\t\n\n\t<div id=\"col-1316509065\" class=\"col medium-10 small-12 large-8\"  >\n\t\t\t\t<div class=\"col-inner text-center\"  >\n\t\t\t\n\t\t\t\n<div class=\"row row-collapse row-full-width\"  id=\"row-1117669676\">\n\n\t<div id=\"col-979711435\" class=\"col medium-6 large-6\"  >\n\t\t\t\t<div class=\"col-inner\"  >\n\t\t\t\n\t\t\t\n\t<div id=\"gap-336085774\" class=\"gap-element clearfix\" style=\"display:block; height:auto;\">\n\t\t\n<style>\n#gap-336085774 {\n  padding-top: 30px;\n}\n<\/style>\n\t<\/div>\n\t\n\t\t<\/div>\n\t\t\t\t\t<\/div>\n\n\t\n<\/div>\n<div class=\"row align-equal\"  id=\"row-1563063382\">\n\n\t<div id=\"col-1766065979\" class=\"col medium-6 small-12 large-6\"  >\n\t\t\t\t<div class=\"col-inner text-left\"  >\n\t\t\t\n\t\t\t\n\t<div class=\"img has-hover x md-x lg-x y md-y lg-y\" id=\"image_1056656063\">\n\t\t\t\t\t\t\t\t<div class=\"img-inner dark\" >\n\t\t\t<img fetchpriority=\"high\" decoding=\"async\" width=\"1453\" height=\"1453\" src=\"https:\/\/alkyon-hvac.gr\/wp-content\/uploads\/2023\/10\/TERRAMATIC-G1-1-web.webp\" class=\"attachment-original size-original\" alt=\"\" srcset=\"https:\/\/alkyon-hvac.gr\/wp-content\/uploads\/2023\/10\/TERRAMATIC-G1-1-web.webp 1453w, https:\/\/alkyon-hvac.gr\/wp-content\/uploads\/2023\/10\/TERRAMATIC-G1-1-web-400x400.webp 400w, https:\/\/alkyon-hvac.gr\/wp-content\/uploads\/2023\/10\/TERRAMATIC-G1-1-web-800x800.webp 800w, https:\/\/alkyon-hvac.gr\/wp-content\/uploads\/2023\/10\/TERRAMATIC-G1-1-web-280x280.webp 280w, https:\/\/alkyon-hvac.gr\/wp-content\/uploads\/2023\/10\/TERRAMATIC-G1-1-web-768x768.webp 768w\" sizes=\"(max-width: 1453px) 100vw, 1453px\" \/>\t\t\t\t\t\t\n\t\t\t\t\t<\/div>\n\t\t\t\t\t\t\t\t\n<style>\n#image_1056656063 {\n  width: 100%;\n}\n<\/style>\n\t<\/div>\n\t\n\t<div id=\"text-1385232567\" class=\"text\">\n\t\t\n<h3 class=\"cera-pro-bold\" style=\"color: #1f285a;\">TERRAMATIKE G1<\/h3>\n\t\t\n<style>\n#text-1385232567 {\n  font-size: 1.5rem;\n  text-align: center;\n  color: rgb(31, 40, 90);\n}\n#text-1385232567 > * {\n  color: rgb(31, 40, 90);\n}\n@media (min-width:550px) {\n  #text-1385232567 {\n    font-size: 1.25rem;\n  }\n}\n<\/style>\n\t<\/div>\n\t\n\t<div id=\"text-2027003546\" class=\"text\">\n\t\t\n<h3>Kaldaja me gaz kondensimi me shk\u00ebmbyes inox me efikasitet t\u00eb lart\u00eb dhe komponent\u00eb nga prodhuesit kryesor\u00eb evropian\u00eb.<\/h3>\n\t\t\n<style>\n#text-2027003546 {\n  font-size: 1rem;\n  line-height: 1.25;\n  text-align: center;\n  color: rgb(31, 40, 90);\n}\n#text-2027003546 > * {\n  color: rgb(31, 40, 90);\n}\n@media (min-width:550px) {\n  #text-2027003546 {\n    font-size: 0.8rem;\n  }\n}\n<\/style>\n\t<\/div>\n\t\n\t<div id=\"gap-371153921\" class=\"gap-element clearfix hide-for-small\" style=\"display:block; height:auto;\">\n\t\t\n<style>\n#gap-371153921 {\n  padding-top: 30px;\n}\n@media (min-width:850px) {\n  #gap-371153921 {\n    padding-top: 40px;\n  }\n}\n<\/style>\n\t<\/div>\n\t\n<a href=\"http:\/\/alkyon-hvac.gr\/sq\/terramatic-g1\/\" target=\"_self\" class=\"button primary is-link is-small expand cera-pro-bold\"  >\n  <i class=\"icon-angle-right\" aria-hidden=\"true\" ><\/i>  <span>M\u00cbSO M\u00cb SHUM\u00cb<\/span>\n  <\/a>\n\n\t\t<\/div>\n\t\t\t\t\t<\/div>\n\n\t\n\n\t<div id=\"col-460704704\" class=\"col medium-6 small-12 large-6\"  >\n\t\t\t\t<div class=\"col-inner text-center\"  >\n\t\t\t\n\t\t\t\n\t<div class=\"img has-hover x md-x lg-x y md-y lg-y\" id=\"image_315259737\">\n\t\t\t\t\t\t\t\t<div class=\"img-inner dark\" >\n\t\t\t<img decoding=\"async\" width=\"493\" height=\"723\" src=\"https:\/\/alkyon-hvac.gr\/wp-content\/uploads\/2023\/09\/\u039a1.png\" class=\"attachment-original size-original\" alt=\"\" srcset=\"https:\/\/alkyon-hvac.gr\/wp-content\/uploads\/2023\/09\/\u039a1.png 493w, https:\/\/alkyon-hvac.gr\/wp-content\/uploads\/2023\/09\/\u039a1-273x400.png 273w\" sizes=\"(max-width: 493px) 100vw, 493px\" \/>\t\t\t\t\t\t\n\t\t\t\t\t<\/div>\n\t\t\t\t\t\t\t\t\n<style>\n#image_315259737 {\n  width: 68%;\n}\n<\/style>\n\t<\/div>\n\t\n\t<div id=\"text-3011240060\" class=\"text\">\n\t\t\n<h3 class=\"cera-pro-bold\" style=\"color: #1f285a;\">Kiturami K1<\/h3>\n\t\t\n<style>\n#text-3011240060 {\n  font-size: 1.5rem;\n  text-align: center;\n  color: rgb(31, 40, 90);\n}\n#text-3011240060 > * {\n  color: rgb(31, 40, 90);\n}\n@media (min-width:550px) {\n  #text-3011240060 {\n    font-size: 1.25rem;\n  }\n}\n<\/style>\n\t<\/div>\n\t\n\t<div id=\"text-3308631280\" class=\"text\">\n\t\t\n<h3>Kaldaja premium e kondensimit me gaz me teknologjin\u00eb unike t\u00eb shk\u00ebmbyesit t\u00eb nxeht\u00ebsis\u00eb Hi Fin t\u00eb Kituramit. V\u00ebllimi i rritur i ujit n\u00eb shk\u00ebmbyes ofron funksionim m\u00eb t\u00eb qet\u00eb me shum\u00eb p\u00ebrpar\u00ebsi.<\/h3>\n\t\t\n<style>\n#text-3308631280 {\n  font-size: 1rem;\n  line-height: 1.25;\n  text-align: center;\n  color: rgb(31, 40, 90);\n}\n#text-3308631280 > * {\n  color: rgb(31, 40, 90);\n}\n@media (min-width:550px) {\n  #text-3308631280 {\n    font-size: 0.8rem;\n  }\n}\n<\/style>\n\t<\/div>\n\t\n<a href=\"http:\/\/alkyon-hvac.gr\/sq\/kiturami-k1\/\" target=\"_self\" class=\"button primary is-link is-small expand cera-pro-bold\"  >\n  <i class=\"icon-angle-right\" aria-hidden=\"true\" ><\/i>  <span>M\u00cbSO M\u00cb SHUM\u00cb<\/span>\n  <\/a>\n\n\t\t<\/div>\n\t\t\t\t\t<\/div>\n\n\t\n<\/div>\n\t\t<\/div>\n\t\t\t\t\t<\/div>\n\n\t\n\n\t<div id=\"col-1656838276\" class=\"col hide-for-small medium-1 small-12 large-2\"  >\n\t\t\t\t<div class=\"col-inner\"  >\n\t\t\t\n\t\t\t\n\t\t<\/div>\n\t\t\t\t\t<\/div>\n\n\t\n<\/div>\n\t<div id=\"gap-1890888662\" class=\"gap-element clearfix\" style=\"display:block; height:auto;\">\n\t\t\n<style>\n#gap-1890888662 {\n  padding-top: 500px;\n}\n<\/style>\n\t<\/div>\n\t\n\t\t<\/div>\n\n\t\t\n<style>\n#section_843543767 {\n  padding-top: 30px;\n  padding-bottom: 30px;\n  min-height: 850px;\n}\n#section_843543767 .section-bg.bg-loaded {\n  background-image: url(https:\/\/alkyon-hvac.gr\/wp-content\/uploads\/2023\/10\/ALKYON-GRADIENTS_heat-category.webp);\n}\n#section_843543767 .section-bg {\n  background-position: 42% 100%;\n}\n<\/style>\n\t<\/section>\n\t\n","protected":false},"excerpt":{"rendered":"<p>Kaldaja me gaz me kondensim Kiturami dhe Terramatic. Fuqi e lart\u00eb p\u00ebr ngrohje dhe uj\u00eb t\u00eb ngroht\u00eb me performanc\u00eb dhe ekonomi t\u00eb shk\u00eblqyer.<\/p>\n","protected":false},"author":2,"featured_media":0,"parent":0,"menu_order":0,"comment_status":"closed","ping_status":"closed","template":"page-transparent-header.php","meta":{"footnotes":""},"categories":[],"tags":[],"class_list":["post-4648","page","type-page","status-publish","hentry"],"yoast_head":"<!-- This site is optimized with the Yoast SEO plugin v23.8 - https:\/\/yoast.com\/wordpress\/plugins\/seo\/ -->\n<title>Kaldaja me gaz - Alkyon<\/title>\n<meta name=\"description\" content=\"Kaldaja me gaz me kondensim Kiturami dhe Terramatic. Fuqi e lart\u00eb p\u00ebr ngrohje dhe uj\u00eb t\u00eb ngroht\u00eb me performanc\u00eb dhe ekonomi t\u00eb shk\u00eblqyer.\" \/>\n<meta name=\"robots\" content=\"index, follow, max-snippet:-1, max-image-preview:large, max-video-preview:-1\" \/>\n<link rel=\"canonical\" href=\"https:\/\/alkyon-hvac.gr\/sq\/kaldaja-me-gaz\/\" \/>\n<meta property=\"og:locale\" content=\"sq_AL\" \/>\n<meta property=\"og:type\" content=\"article\" \/>\n<meta property=\"og:title\" content=\"Kaldaja me gaz - Alkyon\" \/>\n<meta property=\"og:description\" content=\"Kaldaja me gaz me kondensim Kiturami dhe Terramatic. Fuqi e lart\u00eb p\u00ebr ngrohje dhe uj\u00eb t\u00eb ngroht\u00eb me performanc\u00eb dhe ekonomi t\u00eb shk\u00eblqyer.\" \/>\n<meta property=\"og:url\" content=\"https:\/\/alkyon-hvac.gr\/sq\/kaldaja-me-gaz\/\" \/>\n<meta property=\"og:site_name\" content=\"Alkyon\" \/>\n<meta property=\"article:publisher\" content=\"https:\/\/www.facebook.com\/people\/Alkyon\/61551012127534\/\" \/>\n<meta property=\"article:modified_time\" content=\"2024-06-06T09:55:55+00:00\" \/>\n<meta name=\"twitter:card\" content=\"summary_large_image\" \/>\n<meta name=\"twitter:label1\" content=\"Est. reading time\" \/>\n\t<meta name=\"twitter:data1\" content=\"4 minutes\" \/>\n<script type=\"application\/ld+json\" class=\"yoast-schema-graph\">{\"@context\":\"https:\/\/schema.org\",\"@graph\":[{\"@type\":\"WebPage\",\"@id\":\"https:\/\/alkyon-hvac.gr\/sq\/kaldaja-me-gaz\/\",\"url\":\"https:\/\/alkyon-hvac.gr\/sq\/kaldaja-me-gaz\/\",\"name\":\"Kaldaja me gaz - Alkyon\",\"isPartOf\":{\"@id\":\"https:\/\/alkyon-hvac.gr\/#website\"},\"datePublished\":\"2023-09-27T16:23:09+00:00\",\"dateModified\":\"2024-06-06T09:55:55+00:00\",\"description\":\"Kaldaja me gaz me kondensim Kiturami dhe Terramatic. Fuqi e lart\u00eb p\u00ebr ngrohje dhe uj\u00eb t\u00eb ngroht\u00eb me performanc\u00eb dhe ekonomi t\u00eb shk\u00eblqyer.\",\"breadcrumb\":{\"@id\":\"https:\/\/alkyon-hvac.gr\/sq\/kaldaja-me-gaz\/#breadcrumb\"},\"inLanguage\":\"sq-AL\",\"potentialAction\":[{\"@type\":\"ReadAction\",\"target\":[\"https:\/\/alkyon-hvac.gr\/sq\/kaldaja-me-gaz\/\"]}]},{\"@type\":\"BreadcrumbList\",\"@id\":\"https:\/\/alkyon-hvac.gr\/sq\/kaldaja-me-gaz\/#breadcrumb\",\"itemListElement\":[{\"@type\":\"ListItem\",\"position\":1,\"name\":\"\u0391\u03c1\u03c7\u03b9\u03ba\u03ae\",\"item\":\"https:\/\/alkyon-hvac.gr\/sq\/\"},{\"@type\":\"ListItem\",\"position\":2,\"name\":\"Kaldaja me gaz\"}]},{\"@type\":\"WebSite\",\"@id\":\"https:\/\/alkyon-hvac.gr\/#website\",\"url\":\"https:\/\/alkyon-hvac.gr\/\",\"name\":\"Alkyon\",\"description\":\"Clima Comfort Zone\",\"publisher\":{\"@id\":\"https:\/\/alkyon-hvac.gr\/#organization\"},\"potentialAction\":[{\"@type\":\"SearchAction\",\"target\":{\"@type\":\"EntryPoint\",\"urlTemplate\":\"https:\/\/alkyon-hvac.gr\/?s={search_term_string}\"},\"query-input\":{\"@type\":\"PropertyValueSpecification\",\"valueRequired\":true,\"valueName\":\"search_term_string\"}}],\"inLanguage\":\"sq-AL\"},{\"@type\":\"Organization\",\"@id\":\"https:\/\/alkyon-hvac.gr\/#organization\",\"name\":\"Alkyon SA\",\"url\":\"https:\/\/alkyon-hvac.gr\/\",\"logo\":{\"@type\":\"ImageObject\",\"inLanguage\":\"sq-AL\",\"@id\":\"https:\/\/alkyon-hvac.gr\/#\/schema\/logo\/image\/\",\"url\":\"https:\/\/alkyon-hvac.gr\/wp-content\/uploads\/2023\/10\/favicon-blue-alkyon.png\",\"contentUrl\":\"https:\/\/alkyon-hvac.gr\/wp-content\/uploads\/2023\/10\/favicon-blue-alkyon.png\",\"width\":58,\"height\":58,\"caption\":\"Alkyon SA\"},\"image\":{\"@id\":\"https:\/\/alkyon-hvac.gr\/#\/schema\/logo\/image\/\"},\"sameAs\":[\"https:\/\/www.facebook.com\/people\/Alkyon\/61551012127534\/\",\"https:\/\/www.instagram.com\/alkyon_hvac\/\"]}]}<\/script>\n<!-- \/ Yoast SEO plugin. -->","yoast_head_json":{"title":"Kaldaja me gaz - Alkyon","description":"Kaldaja me gaz me kondensim Kiturami dhe Terramatic. Fuqi e lart\u00eb p\u00ebr ngrohje dhe uj\u00eb t\u00eb ngroht\u00eb me performanc\u00eb dhe ekonomi t\u00eb shk\u00eblqyer.","robots":{"index":"index","follow":"follow","max-snippet":"max-snippet:-1","max-image-preview":"max-image-preview:large","max-video-preview":"max-video-preview:-1"},"canonical":"https:\/\/alkyon-hvac.gr\/sq\/kaldaja-me-gaz\/","og_locale":"sq_AL","og_type":"article","og_title":"Kaldaja me gaz - Alkyon","og_description":"Kaldaja me gaz me kondensim Kiturami dhe Terramatic. Fuqi e lart\u00eb p\u00ebr ngrohje dhe uj\u00eb t\u00eb ngroht\u00eb me performanc\u00eb dhe ekonomi t\u00eb shk\u00eblqyer.","og_url":"https:\/\/alkyon-hvac.gr\/sq\/kaldaja-me-gaz\/","og_site_name":"Alkyon","article_publisher":"https:\/\/www.facebook.com\/people\/Alkyon\/61551012127534\/","article_modified_time":"2024-06-06T09:55:55+00:00","twitter_card":"summary_large_image","twitter_misc":{"Est. reading time":"4 minutes"},"schema":{"@context":"https:\/\/schema.org","@graph":[{"@type":"WebPage","@id":"https:\/\/alkyon-hvac.gr\/sq\/kaldaja-me-gaz\/","url":"https:\/\/alkyon-hvac.gr\/sq\/kaldaja-me-gaz\/","name":"Kaldaja me gaz - Alkyon","isPartOf":{"@id":"https:\/\/alkyon-hvac.gr\/#website"},"datePublished":"2023-09-27T16:23:09+00:00","dateModified":"2024-06-06T09:55:55+00:00","description":"Kaldaja me gaz me kondensim Kiturami dhe Terramatic. Fuqi e lart\u00eb p\u00ebr ngrohje dhe uj\u00eb t\u00eb ngroht\u00eb me performanc\u00eb dhe ekonomi t\u00eb shk\u00eblqyer.","breadcrumb":{"@id":"https:\/\/alkyon-hvac.gr\/sq\/kaldaja-me-gaz\/#breadcrumb"},"inLanguage":"sq-AL","potentialAction":[{"@type":"ReadAction","target":["https:\/\/alkyon-hvac.gr\/sq\/kaldaja-me-gaz\/"]}]},{"@type":"BreadcrumbList","@id":"https:\/\/alkyon-hvac.gr\/sq\/kaldaja-me-gaz\/#breadcrumb","itemListElement":[{"@type":"ListItem","position":1,"name":"\u0391\u03c1\u03c7\u03b9\u03ba\u03ae","item":"https:\/\/alkyon-hvac.gr\/sq\/"},{"@type":"ListItem","position":2,"name":"Kaldaja me gaz"}]},{"@type":"WebSite","@id":"https:\/\/alkyon-hvac.gr\/#website","url":"https:\/\/alkyon-hvac.gr\/","name":"Alkyon","description":"Clima Comfort Zone","publisher":{"@id":"https:\/\/alkyon-hvac.gr\/#organization"},"potentialAction":[{"@type":"SearchAction","target":{"@type":"EntryPoint","urlTemplate":"https:\/\/alkyon-hvac.gr\/?s={search_term_string}"},"query-input":{"@type":"PropertyValueSpecification","valueRequired":true,"valueName":"search_term_string"}}],"inLanguage":"sq-AL"},{"@type":"Organization","@id":"https:\/\/alkyon-hvac.gr\/#organization","name":"Alkyon SA","url":"https:\/\/alkyon-hvac.gr\/","logo":{"@type":"ImageObject","inLanguage":"sq-AL","@id":"https:\/\/alkyon-hvac.gr\/#\/schema\/logo\/image\/","url":"https:\/\/alkyon-hvac.gr\/wp-content\/uploads\/2023\/10\/favicon-blue-alkyon.png","contentUrl":"https:\/\/alkyon-hvac.gr\/wp-content\/uploads\/2023\/10\/favicon-blue-alkyon.png","width":58,"height":58,"caption":"Alkyon SA"},"image":{"@id":"https:\/\/alkyon-hvac.gr\/#\/schema\/logo\/image\/"},"sameAs":["https:\/\/www.facebook.com\/people\/Alkyon\/61551012127534\/","https:\/\/www.instagram.com\/alkyon_hvac\/"]}]}},"_links":{"self":[{"href":"https:\/\/alkyon-hvac.gr\/sq\/wp-json\/wp\/v2\/pages\/4648","targetHints":{"allow":["GET"]}}],"collection":[{"href":"https:\/\/alkyon-hvac.gr\/sq\/wp-json\/wp\/v2\/pages"}],"about":[{"href":"https:\/\/alkyon-hvac.gr\/sq\/wp-json\/wp\/v2\/types\/page"}],"author":[{"embeddable":true,"href":"https:\/\/alkyon-hvac.gr\/sq\/wp-json\/wp\/v2\/users\/2"}],"replies":[{"embeddable":true,"href":"https:\/\/alkyon-hvac.gr\/sq\/wp-json\/wp\/v2\/comments?post=4648"}],"version-history":[{"count":5,"href":"https:\/\/alkyon-hvac.gr\/sq\/wp-json\/wp\/v2\/pages\/4648\/revisions"}],"predecessor-version":[{"id":5953,"href":"https:\/\/alkyon-hvac.gr\/sq\/wp-json\/wp\/v2\/pages\/4648\/revisions\/5953"}],"wp:attachment":[{"href":"https:\/\/alkyon-hvac.gr\/sq\/wp-json\/wp\/v2\/media?parent=4648"}],"wp:term":[{"taxonomy":"category","embeddable":true,"href":"https:\/\/alkyon-hvac.gr\/sq\/wp-json\/wp\/v2\/categories?post=4648"},{"taxonomy":"post_tag","embeddable":true,"href":"https:\/\/alkyon-hvac.gr\/sq\/wp-json\/wp\/v2\/tags?post=4648"}],"curies":[{"name":"wp","href":"https:\/\/api.w.org\/{rel}","templated":true}]}}