{"id":4577,"date":"2023-10-15T16:44:04","date_gmt":"2023-10-15T13:44:04","guid":{"rendered":"https:\/\/alkyon-hvac.gr\/kaldaja-me-vaj\/"},"modified":"2024-05-29T13:55:50","modified_gmt":"2024-05-29T10:55:50","slug":"kaldaja-me-vaj","status":"publish","type":"page","link":"https:\/\/alkyon-hvac.gr\/sq\/kaldaja-me-vaj\/","title":{"rendered":"Kaldaja me vaj"},"content":{"rendered":"\t<section class=\"section\" id=\"section_1439765693\">\n\t\t<div class=\"bg section-bg fill bg-fill bg-loaded \" >\n\n\t\t\t\n\t\t\t\n\t\t\t\n\n\t\t<\/div>\n\n\t\t\n\n\t\t<div class=\"section-content relative\">\n\t\t\t\n\t<div id=\"gap-193321616\" class=\"gap-element clearfix fancoil-gap\" style=\"display:block; height:auto;\">\n\t\t\n<style>\n#gap-193321616 {\n  padding-top: 140px;\n}\n@media (min-width:550px) {\n  #gap-193321616 {\n    padding-top: 200px;\n  }\n}\n<\/style>\n\t<\/div>\n\t\n<div class=\"row align-center\"  id=\"row-1421789796\">\n\n\t<div id=\"col-1218621122\" class=\"col hide-for-small medium-1 small-12 large-1\"  >\n\t\t\t\t<div class=\"col-inner\"  >\n\t\t\t\n\t\t\t\n\t\t<\/div>\n\t\t\t\t\t<\/div>\n\n\t\n\n\t<div id=\"col-1701950408\" class=\"col medium-10 small-11 large-10\"  >\n\t\t\t\t<div class=\"col-inner text-center\"  >\n\t\t\t\n\t\t\t\n\t<div id=\"text-2036561482\" class=\"text\">\n\t\t\n<h3 class=\"cera-pro-bold\" style=\"color: #1f285a;\">Kaldaja me vaj<\/h3>\n\t\t\n<style>\n#text-2036561482 {\n  font-size: 2rem;\n  text-align: center;\n}\n@media (min-width:550px) {\n  #text-2036561482 {\n    text-align: left;\n  }\n}\n<\/style>\n\t<\/div>\n\t\n\t<div id=\"gap-691491423\" class=\"gap-element clearfix hide-for-small\" style=\"display:block; height:auto;\">\n\t\t\n<style>\n#gap-691491423 {\n  padding-top: 30px;\n}\n<\/style>\n\t<\/div>\n\t\n<div class=\"row hide-for-small\"  id=\"row-1978918737\">\n\n\t<div id=\"col-1975465893\" class=\"col medium-6 small-12 large-6\"  >\n\t\t\t\t<div class=\"col-inner\"  >\n\t\t\t\n\t\t\t\n\t<div id=\"text-2687119357\" class=\"text\">\n\t\t\n<p>Nafta \u00ebsht\u00eb historikisht karburanti m\u00eb i njohur dhe m\u00eb i p\u00ebrdorur n\u00eb sektorin e ngrohjes. Ofron fleksibilitet n\u00eb transport dhe ruajtje, autonomi dhe performanc\u00eb t\u00eb besueshme. K\u00ebto jan\u00eb arsyet pse kaldaja me vaj jan\u00eb zgjedhja e sigurt, primare ose rezerv\u00eb, p\u00ebr nevojat tuaja p\u00ebr ngrohje dhe uj\u00eb t\u00eb ngroht\u00eb sht\u00ebpiak.<\/p>\n\t\t\n<style>\n#text-2687119357 {\n  font-size: 1rem;\n  line-height: 1.25;\n  text-align: left;\n  color: rgb(88, 89, 91);\n}\n#text-2687119357 > * {\n  color: rgb(88, 89, 91);\n}\n<\/style>\n\t<\/div>\n\t\n\t\t<\/div>\n\t\t\t\t\t<\/div>\n\n\t\n\n\t<div id=\"col-883535903\" class=\"col medium-6 small-12 large-6\"  >\n\t\t\t\t<div class=\"col-inner\"  >\n\t\t\t\n\t\t\t\n\t<div id=\"text-2735849416\" class=\"text\">\n\t\t\n<p>Me zhvillimet m\u00eb t\u00eb fundit teknologjike n\u00eb kaldaja me naft\u00eb, emetimet gjat\u00eb djegies jan\u00eb zvog\u00ebluar nd\u00ebrsa efikasiteti i tyre \u00ebsht\u00eb rritur. N\u00eb ve\u00e7anti, kaldaja me vaj kondensimi \u00ebsht\u00eb nj\u00eb p\u00ebrmir\u00ebsim i r\u00ebnd\u00ebsish\u00ebm p\u00ebr nj\u00eb kazan t\u00eb vjet\u00ebr, pasi ato mund t\u00eb kursejn\u00eb deri n\u00eb 30% t\u00eb karburantit t\u00eb k\u00ebrkuar.<\/p>\n\t\t\n<style>\n#text-2735849416 {\n  font-size: 1rem;\n  line-height: 1.25;\n  text-align: left;\n  color: rgb(88, 89, 91);\n}\n#text-2735849416 > * {\n  color: rgb(88, 89, 91);\n}\n<\/style>\n\t<\/div>\n\t\n\t\t<\/div>\n\t\t\t\t\t<\/div>\n\n\t\n<\/div>\n<div class=\"row row-collapse show-for-small\"  id=\"row-1953844256\">\n\n\t<div id=\"col-1583507259\" class=\"col medium-4 small-1 large-4\"  >\n\t\t\t\t<div class=\"col-inner\"  >\n\t\t\t\n\t\t\t\n\t\t<\/div>\n\t\t\t\t\t<\/div>\n\n\t\n\n\t<div id=\"col-1124571092\" class=\"col medium-6 small-11 large-6\"  >\n\t\t\t\t<div class=\"col-inner\"  >\n\t\t\t\n\t\t\t\n<div class=\"accordion\">\n\t<div id=\"accordion-3865233685\" class=\"accordion-item\">\n\t\t<a id=\"accordion-3865233685-label\" class=\"accordion-title plain\" href=\"#accordion-item-pse_t\u00eb_zgjidhni_nj\u00eb_kazan_me_vaj?\" aria-expanded=\"false\" aria-controls=\"accordion-3865233685-content\" >\n\t\t\t<button class=\"toggle\" aria-label=\"Toggle\"><i class=\"icon-angle-down\"><\/i><\/button>\n\t\t\t<span>Pse t\u00eb zgjidhni nj\u00eb kazan me vaj?<\/span>\n\t\t<\/a>\n\t\t<div id=\"accordion-3865233685-content\" class=\"accordion-inner\" aria-labelledby=\"accordion-3865233685-label\" >\n\t\t\t\n\t<div id=\"text-3576428098\" class=\"text\">\n\t\t\n<p>Nafta \u00ebsht\u00eb historikisht karburanti m\u00eb i njohur dhe m\u00eb i p\u00ebrdorur n\u00eb sektorin e ngrohjes. Ofron fleksibilitet n\u00eb transport dhe ruajtje, autonomi dhe performanc\u00eb t\u00eb besueshme. K\u00ebto jan\u00eb arsyet pse kaldaja me vaj jan\u00eb zgjedhja e sigurt, primare ose rezerv\u00eb, p\u00ebr nevojat tuaja p\u00ebr ngrohje dhe uj\u00eb t\u00eb ngroht\u00eb sht\u00ebpiak.<\/p>\n<p>Me zhvillimet m\u00eb t\u00eb fundit teknologjike n\u00eb kaldaja me naft\u00eb, emetimet gjat\u00eb djegies jan\u00eb zvog\u00ebluar nd\u00ebrsa efikasiteti i tyre \u00ebsht\u00eb rritur. N\u00eb ve\u00e7anti, kaldaja me vaj kondensimi \u00ebsht\u00eb nj\u00eb p\u00ebrmir\u00ebsim i r\u00ebnd\u00ebsish\u00ebm p\u00ebr nj\u00eb kazan t\u00eb vjet\u00ebr, pasi ato mund t\u00eb kursejn\u00eb deri n\u00eb 30% t\u00eb karburantit t\u00eb k\u00ebrkuar.<\/p>\n\t\t\n<style>\n#text-3576428098 {\n  font-size: 1rem;\n  line-height: 1.25;\n  text-align: left;\n  color: rgb(88, 89, 91);\n}\n#text-3576428098 > * {\n  color: rgb(88, 89, 91);\n}\n<\/style>\n\t<\/div>\n\t\n\t\t<\/div>\n\t<\/div>\n\t\n<\/div>\n\t\t<\/div>\n\t\t\t\t\t<\/div>\n\n\t\n<\/div>\n<div class=\"row row-collapse row-full-width\"  id=\"row-1730516080\">\n\n\t<div id=\"col-722103645\" class=\"col large-12\"  >\n\t\t\t\t<div class=\"col-inner text-left\"  >\n\t\t\t\n\t\t\t\n\t<div id=\"gap-132303610\" class=\"gap-element clearfix show-for-small\" style=\"display:block; height:auto;\">\n\t\t\n<style>\n#gap-132303610 {\n  padding-top: 15px;\n}\n@media (min-width:550px) {\n  #gap-132303610 {\n    padding-top: 30px;\n  }\n}\n<\/style>\n\t<\/div>\n\t\n\t<div id=\"text-3352886149\" class=\"text\">\n\t\t\n<p class=\"cera-pro-bold\"><span style=\"font-size: 120%; color: #1f285a;\">Kaldaja me vaj Kiturami kombinon besueshm\u00ebrin\u00eb, efikasitetin e lart\u00eb dhe dimensionet e vogla, duke siguruar n\u00eb t\u00eb nj\u00ebjt\u00ebn koh\u00eb shum\u00eb uj\u00eb t\u00eb nxeht\u00eb p\u00ebr p\u00ebrdorim n\u00ebp\u00ebrmjet nj\u00eb shk\u00ebmbyesi t\u00eb integruar!<\/span><\/p>\n\t\t\n<style>\n#text-3352886149 {\n  font-size: 1rem;\n  line-height: 1.25;\n  text-align: center;\n  color: rgb(88, 89, 91);\n}\n#text-3352886149 > * {\n  color: rgb(88, 89, 91);\n}\n@media (min-width:550px) {\n  #text-3352886149 {\n    font-size: 1.1rem;\n  }\n}\n<\/style>\n\t<\/div>\n\t\n\t\t<\/div>\n\t\t\t\t\t<\/div>\n\n\t\n<\/div>\n\t\t<\/div>\n\t\t\t\t\t<\/div>\n\n\t\n\n\t<div id=\"col-1310230046\" class=\"col hide-for-small medium-1 small-12 large-1\"  >\n\t\t\t\t<div class=\"col-inner\"  >\n\t\t\t\n\t\t\t\n\t\t<\/div>\n\t\t\t\t\t<\/div>\n\n\t\n<\/div>\n<div class=\"row\"  id=\"row-891831843\">\n\n\t<div id=\"col-580694720\" class=\"col hide-for-small medium-1 small-12 large-2\"  >\n\t\t\t\t<div class=\"col-inner\"  >\n\t\t\t\n\t\t\t\n\t\t<\/div>\n\t\t\t\t\t<\/div>\n\n\t\n\n\t<div id=\"col-467611896\" class=\"col medium-10 small-12 large-8\"  >\n\t\t\t\t<div class=\"col-inner text-center\"  >\n\t\t\t\n\t\t\t\n<div class=\"row align-equal\"  id=\"row-1048233810\">\n\n\t<div id=\"col-548449800\" class=\"col medium-6 small-12 large-6\"  >\n\t\t\t\t<div class=\"col-inner text-center\"  >\n\t\t\t\n\t\t\t\n\t<div class=\"img has-hover x md-x lg-x y md-y lg-y\" id=\"image_1562316631\">\n\t\t\t\t\t\t\t\t<div class=\"img-inner dark\" >\n\t\t\t<img fetchpriority=\"high\" decoding=\"async\" width=\"370\" height=\"565\" src=\"https:\/\/alkyon-hvac.gr\/wp-content\/uploads\/2023\/09\/NEW-TURBO-CONDENSING.jpg\" class=\"attachment-original size-original\" alt=\"\" srcset=\"https:\/\/alkyon-hvac.gr\/wp-content\/uploads\/2023\/09\/NEW-TURBO-CONDENSING.jpg 370w, https:\/\/alkyon-hvac.gr\/wp-content\/uploads\/2023\/09\/NEW-TURBO-CONDENSING-262x400.jpg 262w\" sizes=\"(max-width: 370px) 100vw, 370px\" \/>\t\t\t\t\t\t\n\t\t\t\t\t<\/div>\n\t\t\t\t\t\t\t\t\n<style>\n#image_1562316631 {\n  width: 66%;\n}\n<\/style>\n\t<\/div>\n\t\n\t<div id=\"text-821194657\" class=\"text\">\n\t\t\n<h3 class=\"cera-pro-bold\" style=\"color: #1f285a;\">Kiturami NTC<\/h3>\n\t\t\n<style>\n#text-821194657 {\n  font-size: 1.5rem;\n  text-align: center;\n  color: rgb(31, 40, 90);\n}\n#text-821194657 > * {\n  color: rgb(31, 40, 90);\n}\n@media (min-width:550px) {\n  #text-821194657 {\n    font-size: 1.25rem;\n  }\n}\n<\/style>\n\t<\/div>\n\t\n\t<div id=\"text-2421515627\" class=\"text\">\n\t\t\n<h3>Kaldaja me kondensim me shk\u00ebmbyes inox p\u00ebr efikasitet deri n\u00eb 104.6%. E disponueshme n\u00eb konfigurimin Standard dhe Deluxe.<\/h3>\n\t\t\n<style>\n#text-2421515627 {\n  font-size: 1rem;\n  line-height: 1.25;\n  text-align: center;\n  color: rgb(31, 40, 90);\n}\n#text-2421515627 > * {\n  color: rgb(31, 40, 90);\n}\n@media (min-width:550px) {\n  #text-2421515627 {\n    font-size: 0.8rem;\n  }\n}\n<\/style>\n\t<\/div>\n\t\n<a href=\"https:\/\/alkyon-hvac.gr\/oil-boilers\/kiturami-ntc\/\" target=\"_self\" class=\"button primary is-link is-small expand cera-pro-bold\"  >\n  <i class=\"icon-angle-right\" aria-hidden=\"true\" ><\/i>  <span>M\u00cbSO M\u00cb SHUM\u00cb<\/span>\n  <\/a>\n\n\t\t<\/div>\n\t\t\t\t\t<\/div>\n\n\t\n\n\t<div id=\"col-787109562\" class=\"col medium-6 small-12 large-6\"  >\n\t\t\t\t<div class=\"col-inner text-center\"  >\n\t\t\t\n\t\t\t\n\t<div class=\"img has-hover x md-x lg-x y md-y lg-y\" id=\"image_672522454\">\n\t\t\t\t\t\t\t\t<div class=\"img-inner dark\" >\n\t\t\t<img decoding=\"async\" width=\"1345\" height=\"1345\" src=\"https:\/\/alkyon-hvac.gr\/wp-content\/uploads\/2023\/10\/Kiturami-KTHG-1-Web.webp\" class=\"attachment-original size-original\" alt=\"\" srcset=\"https:\/\/alkyon-hvac.gr\/wp-content\/uploads\/2023\/10\/Kiturami-KTHG-1-Web.webp 1345w, https:\/\/alkyon-hvac.gr\/wp-content\/uploads\/2023\/10\/Kiturami-KTHG-1-Web-400x400.webp 400w, https:\/\/alkyon-hvac.gr\/wp-content\/uploads\/2023\/10\/Kiturami-KTHG-1-Web-800x800.webp 800w, https:\/\/alkyon-hvac.gr\/wp-content\/uploads\/2023\/10\/Kiturami-KTHG-1-Web-280x280.webp 280w, https:\/\/alkyon-hvac.gr\/wp-content\/uploads\/2023\/10\/Kiturami-KTHG-1-Web-768x768.webp 768w\" sizes=\"(max-width: 1345px) 100vw, 1345px\" \/>\t\t\t\t\t\t\n\t\t\t\t\t<\/div>\n\t\t\t\t\t\t\t\t\n<style>\n#image_672522454 {\n  width: 100%;\n}\n<\/style>\n\t<\/div>\n\t\n\t<div id=\"text-2425129600\" class=\"text\">\n\t\t\n<h3 class=\"cera-pro-bold\" style=\"color: #1f285a;\">Kiturami Turbo Hi Fin<\/h3>\n\t\t\n<style>\n#text-2425129600 {\n  font-size: 1.5rem;\n  text-align: center;\n  color: rgb(31, 40, 90);\n}\n#text-2425129600 > * {\n  color: rgb(31, 40, 90);\n}\n@media (min-width:550px) {\n  #text-2425129600 {\n    font-size: 1.25rem;\n  }\n}\n<\/style>\n\t<\/div>\n\t\n\t<div id=\"text-2389636682\" class=\"text\">\n\t\t\n<h3>Rishikimi m\u00eb i fundit i seris\u00eb Turbo me djeg\u00ebs dhe alternator t\u00eb ri t\u00eb ul\u00ebt NOx me teknologji Hi Fin.<\/h3>\n\t\t\n<style>\n#text-2389636682 {\n  font-size: 1rem;\n  line-height: 1.25;\n  text-align: center;\n  color: rgb(31, 40, 90);\n}\n#text-2389636682 > * {\n  color: rgb(31, 40, 90);\n}\n@media (min-width:550px) {\n  #text-2389636682 {\n    font-size: 0.8rem;\n  }\n}\n<\/style>\n\t<\/div>\n\t\n<a href=\"https:\/\/alkyon-hvac.gr\/oil-boilers\/kirurami-kthg-hi-fin\/\" target=\"_self\" class=\"button primary is-link is-small expand cera-pro-bold\"  >\n  <i class=\"icon-angle-right\" aria-hidden=\"true\" ><\/i>  <span>M\u00cbSO M\u00cb SHUM\u00cb<\/span>\n  <\/a>\n\n\t\t<\/div>\n\t\t\t\t\t<\/div>\n\n\t\n<\/div>\n\t\t<\/div>\n\t\t\t\t\t<\/div>\n\n\t\n\n\t<div id=\"col-496724906\" class=\"col hide-for-small medium-1 small-12 large-2\"  >\n\t\t\t\t<div class=\"col-inner\"  >\n\t\t\t\n\t\t\t\n\t\t<\/div>\n\t\t\t\t\t<\/div>\n\n\t\n<\/div>\n\t<div id=\"gap-1256561047\" class=\"gap-element clearfix\" style=\"display:block; height:auto;\">\n\t\t\n<style>\n#gap-1256561047 {\n  padding-top: 500px;\n}\n<\/style>\n\t<\/div>\n\t\n\t\t<\/div>\n\n\t\t\n<style>\n#section_1439765693 {\n  padding-top: 30px;\n  padding-bottom: 30px;\n  min-height: 850px;\n}\n#section_1439765693 .section-bg.bg-loaded {\n  background-image: url(https:\/\/alkyon-hvac.gr\/wp-content\/uploads\/2023\/10\/ALKYON-GRADIENTS_heat-category.webp);\n}\n#section_1439765693 .section-bg {\n  background-position: 42% 100%;\n}\n<\/style>\n\t<\/section>\n\t\n","protected":false},"excerpt":{"rendered":"<p>Kaldaja me vaj me efikasitet t\u00eb lart\u00eb dhe t\u00eb besuesh\u00ebm p\u00ebr ngrohjen dhe ujin e ngroht\u00eb sht\u00ebpiak.<\/p>\n","protected":false},"author":2,"featured_media":4578,"parent":0,"menu_order":0,"comment_status":"closed","ping_status":"closed","template":"page-transparent-header.php","meta":{"footnotes":""},"categories":[],"tags":[],"class_list":["post-4577","page","type-page","status-publish","has-post-thumbnail","hentry"],"yoast_head":"<!-- This site is optimized with the Yoast SEO plugin v23.8 - https:\/\/yoast.com\/wordpress\/plugins\/seo\/ -->\n<title>Kaldaja me vaj Kiturami || Alkyon<\/title>\n<meta name=\"description\" content=\"P\u00ebrfaq\u00ebsi ekskluzive Kiturami. Kaldaja me vaj me efikasitet t\u00eb lart\u00eb dhe t\u00eb besuesh\u00ebm p\u00ebr ngrohjen dhe ujin e ngroht\u00eb sht\u00ebpiak.\" \/>\n<meta name=\"robots\" content=\"index, follow, max-snippet:-1, max-image-preview:large, max-video-preview:-1\" \/>\n<link rel=\"canonical\" href=\"https:\/\/alkyon-hvac.gr\/sq\/kaldaja-me-vaj\/\" \/>\n<meta property=\"og:locale\" content=\"sq_AL\" \/>\n<meta property=\"og:type\" content=\"article\" \/>\n<meta property=\"og:title\" content=\"Kaldaja me vaj Kiturami || Alkyon\" \/>\n<meta property=\"og:description\" content=\"P\u00ebrfaq\u00ebsi ekskluzive Kiturami. Kaldaja me vaj me efikasitet t\u00eb lart\u00eb dhe t\u00eb besuesh\u00ebm p\u00ebr ngrohjen dhe ujin e ngroht\u00eb sht\u00ebpiak.\" \/>\n<meta property=\"og:url\" content=\"https:\/\/alkyon-hvac.gr\/sq\/kaldaja-me-vaj\/\" \/>\n<meta property=\"og:site_name\" content=\"Alkyon\" \/>\n<meta property=\"article:publisher\" content=\"https:\/\/www.facebook.com\/people\/Alkyon\/61551012127534\/\" \/>\n<meta property=\"article:modified_time\" content=\"2024-05-29T10:55:50+00:00\" \/>\n<meta property=\"og:image\" content=\"https:\/\/alkyon-hvac.gr\/wp-content\/uploads\/2023\/10\/Kiturami-KTHG-1-Web.webp\" \/>\n\t<meta property=\"og:image:width\" content=\"1345\" \/>\n\t<meta property=\"og:image:height\" content=\"1345\" \/>\n\t<meta property=\"og:image:type\" content=\"image\/webp\" \/>\n<meta name=\"twitter:card\" content=\"summary_large_image\" \/>\n<meta name=\"twitter:label1\" content=\"Est. reading time\" \/>\n\t<meta name=\"twitter:data1\" content=\"3 minutes\" \/>\n<script type=\"application\/ld+json\" class=\"yoast-schema-graph\">{\"@context\":\"https:\/\/schema.org\",\"@graph\":[{\"@type\":\"WebPage\",\"@id\":\"https:\/\/alkyon-hvac.gr\/sq\/kaldaja-me-vaj\/\",\"url\":\"https:\/\/alkyon-hvac.gr\/sq\/kaldaja-me-vaj\/\",\"name\":\"Kaldaja me vaj Kiturami || Alkyon\",\"isPartOf\":{\"@id\":\"https:\/\/alkyon-hvac.gr\/#website\"},\"primaryImageOfPage\":{\"@id\":\"https:\/\/alkyon-hvac.gr\/sq\/kaldaja-me-vaj\/#primaryimage\"},\"image\":{\"@id\":\"https:\/\/alkyon-hvac.gr\/sq\/kaldaja-me-vaj\/#primaryimage\"},\"thumbnailUrl\":\"https:\/\/alkyon-hvac.gr\/wp-content\/uploads\/2023\/10\/Kiturami-KTHG-1-Web.webp\",\"datePublished\":\"2023-10-15T13:44:04+00:00\",\"dateModified\":\"2024-05-29T10:55:50+00:00\",\"description\":\"P\u00ebrfaq\u00ebsi ekskluzive Kiturami. Kaldaja me vaj me efikasitet t\u00eb lart\u00eb dhe t\u00eb besuesh\u00ebm p\u00ebr ngrohjen dhe ujin e ngroht\u00eb sht\u00ebpiak.\",\"breadcrumb\":{\"@id\":\"https:\/\/alkyon-hvac.gr\/sq\/kaldaja-me-vaj\/#breadcrumb\"},\"inLanguage\":\"sq-AL\",\"potentialAction\":[{\"@type\":\"ReadAction\",\"target\":[\"https:\/\/alkyon-hvac.gr\/sq\/kaldaja-me-vaj\/\"]}]},{\"@type\":\"ImageObject\",\"inLanguage\":\"sq-AL\",\"@id\":\"https:\/\/alkyon-hvac.gr\/sq\/kaldaja-me-vaj\/#primaryimage\",\"url\":\"https:\/\/alkyon-hvac.gr\/wp-content\/uploads\/2023\/10\/Kiturami-KTHG-1-Web.webp\",\"contentUrl\":\"https:\/\/alkyon-hvac.gr\/wp-content\/uploads\/2023\/10\/Kiturami-KTHG-1-Web.webp\",\"width\":1345,\"height\":1345},{\"@type\":\"BreadcrumbList\",\"@id\":\"https:\/\/alkyon-hvac.gr\/sq\/kaldaja-me-vaj\/#breadcrumb\",\"itemListElement\":[{\"@type\":\"ListItem\",\"position\":1,\"name\":\"\u0391\u03c1\u03c7\u03b9\u03ba\u03ae\",\"item\":\"https:\/\/alkyon-hvac.gr\/sq\/\"},{\"@type\":\"ListItem\",\"position\":2,\"name\":\"Kaldaja me vaj\"}]},{\"@type\":\"WebSite\",\"@id\":\"https:\/\/alkyon-hvac.gr\/#website\",\"url\":\"https:\/\/alkyon-hvac.gr\/\",\"name\":\"Alkyon\",\"description\":\"Clima Comfort Zone\",\"publisher\":{\"@id\":\"https:\/\/alkyon-hvac.gr\/#organization\"},\"potentialAction\":[{\"@type\":\"SearchAction\",\"target\":{\"@type\":\"EntryPoint\",\"urlTemplate\":\"https:\/\/alkyon-hvac.gr\/?s={search_term_string}\"},\"query-input\":{\"@type\":\"PropertyValueSpecification\",\"valueRequired\":true,\"valueName\":\"search_term_string\"}}],\"inLanguage\":\"sq-AL\"},{\"@type\":\"Organization\",\"@id\":\"https:\/\/alkyon-hvac.gr\/#organization\",\"name\":\"Alkyon SA\",\"url\":\"https:\/\/alkyon-hvac.gr\/\",\"logo\":{\"@type\":\"ImageObject\",\"inLanguage\":\"sq-AL\",\"@id\":\"https:\/\/alkyon-hvac.gr\/#\/schema\/logo\/image\/\",\"url\":\"https:\/\/alkyon-hvac.gr\/wp-content\/uploads\/2023\/10\/favicon-blue-alkyon.png\",\"contentUrl\":\"https:\/\/alkyon-hvac.gr\/wp-content\/uploads\/2023\/10\/favicon-blue-alkyon.png\",\"width\":58,\"height\":58,\"caption\":\"Alkyon SA\"},\"image\":{\"@id\":\"https:\/\/alkyon-hvac.gr\/#\/schema\/logo\/image\/\"},\"sameAs\":[\"https:\/\/www.facebook.com\/people\/Alkyon\/61551012127534\/\",\"https:\/\/www.instagram.com\/alkyon_hvac\/\"]}]}<\/script>\n<!-- \/ Yoast SEO plugin. -->","yoast_head_json":{"title":"Kaldaja me vaj Kiturami || Alkyon","description":"P\u00ebrfaq\u00ebsi ekskluzive Kiturami. Kaldaja me vaj me efikasitet t\u00eb lart\u00eb dhe t\u00eb besuesh\u00ebm p\u00ebr ngrohjen dhe ujin e ngroht\u00eb sht\u00ebpiak.","robots":{"index":"index","follow":"follow","max-snippet":"max-snippet:-1","max-image-preview":"max-image-preview:large","max-video-preview":"max-video-preview:-1"},"canonical":"https:\/\/alkyon-hvac.gr\/sq\/kaldaja-me-vaj\/","og_locale":"sq_AL","og_type":"article","og_title":"Kaldaja me vaj Kiturami || Alkyon","og_description":"P\u00ebrfaq\u00ebsi ekskluzive Kiturami. Kaldaja me vaj me efikasitet t\u00eb lart\u00eb dhe t\u00eb besuesh\u00ebm p\u00ebr ngrohjen dhe ujin e ngroht\u00eb sht\u00ebpiak.","og_url":"https:\/\/alkyon-hvac.gr\/sq\/kaldaja-me-vaj\/","og_site_name":"Alkyon","article_publisher":"https:\/\/www.facebook.com\/people\/Alkyon\/61551012127534\/","article_modified_time":"2024-05-29T10:55:50+00:00","og_image":[{"width":1345,"height":1345,"url":"https:\/\/alkyon-hvac.gr\/wp-content\/uploads\/2023\/10\/Kiturami-KTHG-1-Web.webp","type":"image\/webp"}],"twitter_card":"summary_large_image","twitter_misc":{"Est. reading time":"3 minutes"},"schema":{"@context":"https:\/\/schema.org","@graph":[{"@type":"WebPage","@id":"https:\/\/alkyon-hvac.gr\/sq\/kaldaja-me-vaj\/","url":"https:\/\/alkyon-hvac.gr\/sq\/kaldaja-me-vaj\/","name":"Kaldaja me vaj Kiturami || Alkyon","isPartOf":{"@id":"https:\/\/alkyon-hvac.gr\/#website"},"primaryImageOfPage":{"@id":"https:\/\/alkyon-hvac.gr\/sq\/kaldaja-me-vaj\/#primaryimage"},"image":{"@id":"https:\/\/alkyon-hvac.gr\/sq\/kaldaja-me-vaj\/#primaryimage"},"thumbnailUrl":"https:\/\/alkyon-hvac.gr\/wp-content\/uploads\/2023\/10\/Kiturami-KTHG-1-Web.webp","datePublished":"2023-10-15T13:44:04+00:00","dateModified":"2024-05-29T10:55:50+00:00","description":"P\u00ebrfaq\u00ebsi ekskluzive Kiturami. Kaldaja me vaj me efikasitet t\u00eb lart\u00eb dhe t\u00eb besuesh\u00ebm p\u00ebr ngrohjen dhe ujin e ngroht\u00eb sht\u00ebpiak.","breadcrumb":{"@id":"https:\/\/alkyon-hvac.gr\/sq\/kaldaja-me-vaj\/#breadcrumb"},"inLanguage":"sq-AL","potentialAction":[{"@type":"ReadAction","target":["https:\/\/alkyon-hvac.gr\/sq\/kaldaja-me-vaj\/"]}]},{"@type":"ImageObject","inLanguage":"sq-AL","@id":"https:\/\/alkyon-hvac.gr\/sq\/kaldaja-me-vaj\/#primaryimage","url":"https:\/\/alkyon-hvac.gr\/wp-content\/uploads\/2023\/10\/Kiturami-KTHG-1-Web.webp","contentUrl":"https:\/\/alkyon-hvac.gr\/wp-content\/uploads\/2023\/10\/Kiturami-KTHG-1-Web.webp","width":1345,"height":1345},{"@type":"BreadcrumbList","@id":"https:\/\/alkyon-hvac.gr\/sq\/kaldaja-me-vaj\/#breadcrumb","itemListElement":[{"@type":"ListItem","position":1,"name":"\u0391\u03c1\u03c7\u03b9\u03ba\u03ae","item":"https:\/\/alkyon-hvac.gr\/sq\/"},{"@type":"ListItem","position":2,"name":"Kaldaja me vaj"}]},{"@type":"WebSite","@id":"https:\/\/alkyon-hvac.gr\/#website","url":"https:\/\/alkyon-hvac.gr\/","name":"Alkyon","description":"Clima Comfort Zone","publisher":{"@id":"https:\/\/alkyon-hvac.gr\/#organization"},"potentialAction":[{"@type":"SearchAction","target":{"@type":"EntryPoint","urlTemplate":"https:\/\/alkyon-hvac.gr\/?s={search_term_string}"},"query-input":{"@type":"PropertyValueSpecification","valueRequired":true,"valueName":"search_term_string"}}],"inLanguage":"sq-AL"},{"@type":"Organization","@id":"https:\/\/alkyon-hvac.gr\/#organization","name":"Alkyon SA","url":"https:\/\/alkyon-hvac.gr\/","logo":{"@type":"ImageObject","inLanguage":"sq-AL","@id":"https:\/\/alkyon-hvac.gr\/#\/schema\/logo\/image\/","url":"https:\/\/alkyon-hvac.gr\/wp-content\/uploads\/2023\/10\/favicon-blue-alkyon.png","contentUrl":"https:\/\/alkyon-hvac.gr\/wp-content\/uploads\/2023\/10\/favicon-blue-alkyon.png","width":58,"height":58,"caption":"Alkyon SA"},"image":{"@id":"https:\/\/alkyon-hvac.gr\/#\/schema\/logo\/image\/"},"sameAs":["https:\/\/www.facebook.com\/people\/Alkyon\/61551012127534\/","https:\/\/www.instagram.com\/alkyon_hvac\/"]}]}},"_links":{"self":[{"href":"https:\/\/alkyon-hvac.gr\/sq\/wp-json\/wp\/v2\/pages\/4577","targetHints":{"allow":["GET"]}}],"collection":[{"href":"https:\/\/alkyon-hvac.gr\/sq\/wp-json\/wp\/v2\/pages"}],"about":[{"href":"https:\/\/alkyon-hvac.gr\/sq\/wp-json\/wp\/v2\/types\/page"}],"author":[{"embeddable":true,"href":"https:\/\/alkyon-hvac.gr\/sq\/wp-json\/wp\/v2\/users\/2"}],"replies":[{"embeddable":true,"href":"https:\/\/alkyon-hvac.gr\/sq\/wp-json\/wp\/v2\/comments?post=4577"}],"version-history":[{"count":3,"href":"https:\/\/alkyon-hvac.gr\/sq\/wp-json\/wp\/v2\/pages\/4577\/revisions"}],"predecessor-version":[{"id":4588,"href":"https:\/\/alkyon-hvac.gr\/sq\/wp-json\/wp\/v2\/pages\/4577\/revisions\/4588"}],"wp:featuredmedia":[{"embeddable":true,"href":"https:\/\/alkyon-hvac.gr\/sq\/wp-json\/wp\/v2\/media\/4578"}],"wp:attachment":[{"href":"https:\/\/alkyon-hvac.gr\/sq\/wp-json\/wp\/v2\/media?parent=4577"}],"wp:term":[{"taxonomy":"category","embeddable":true,"href":"https:\/\/alkyon-hvac.gr\/sq\/wp-json\/wp\/v2\/categories?post=4577"},{"taxonomy":"post_tag","embeddable":true,"href":"https:\/\/alkyon-hvac.gr\/sq\/wp-json\/wp\/v2\/tags?post=4577"}],"curies":[{"name":"wp","href":"https:\/\/api.w.org\/{rel}","templated":true}]}}